{"id":1483,"date":"2025-08-25T12:16:03","date_gmt":"2025-08-25T11:16:03","guid":{"rendered":"https:\/\/loteriasantiago.com\/?post_type=product&#038;p=1483"},"modified":"2025-12-16T20:23:44","modified_gmt":"2025-12-16T19:23:44","slug":"loteria-nadal-2025-decimo-numero-29782","status":"publish","type":"product","link":"https:\/\/loteriasantiago.com\/es\/producto-2\/loteria-nadal-2025-decimo-numero-29782\/","title":{"rendered":"29782 \u2013 D\u00e9cimo Loter\u00eda de Navidad 2025 \u2013 Administraci\u00f3n N\u00ba7 Santiago de Compostela"},"content":{"rendered":"<div class=\"woocommerce-product-details__short-description\">\n<p>O Sorteo Extraordinario de Nadal cel\u00e9brase o 22 de decembro de 2025 e \u00e9 unha das citas m\u00e1is especiais do ano.<br \/>\nNa Administraci\u00f3n N\u00ba7 de Santiago de Compostela po\u00f1emos \u00e1 t\u00faa disposici\u00f3n diferentes n\u00fameros para que poidas mercar o teu d\u00e9cimo en li\u00f1a de maneira c\u00f3moda, segura e con env\u00edo garantido.<\/p>\n<p>O <strong>29782<\/strong> \u00e9 xa un cl\u00e1sico da nosa administraci\u00f3n: levamos xog\u00e1ndoo todos os anos no Sorteo de Nadal e conta con fieis seguidores que non queren quedar sen el. Un n\u00famero de tradici\u00f3n que pode traer moita sorte.<\/p>\n<p>\u2705 Compra oficial e 100% segura en Loter\u00edas e Apostas do Estado.<br \/>\n\u2705 Posibilidade de reservar para empresas, asociaci\u00f3ns e colectivos.<br \/>\n\u2705 Env\u00edo garantido a toda Espa\u00f1a.<br \/>\n\u2705 Xesti\u00f3n dispo\u00f1ible tam\u00e9n a trav\u00e9s da app TuLotero.<\/p>\n<p>Non o dubides, o <strong>29782<\/strong> \u00e9 un n\u00famero fijo no sorteo de Nadal na nosa administraci\u00f3n, seguro que che trae boa sorte!<\/p>\n<\/div>","protected":false},"excerpt":{"rendered":"<p>D\u00e9cimo de Loter\u00eda de Navidad 2025 N\u00ba <strong>29782<\/strong>. Disponible en la Administraci\u00f3n N\u00ba7 de Santiago de Compostela. Compra online de forma r\u00e1pida, segura y con env\u00edo garantizado.<\/p>\n<p>Este n\u00famero xa \u00e9 un cl\u00e1sico da nosa administraci\u00f3n: levamos xog\u00e1ndoo todos os anos no Sorteo de Nadal e conta con fieis seguidores que non queren quedar sen el. Un n\u00famero de tradici\u00f3n que ten moitos abonados en Santiago de Compostela e seguro que nos da boa sorte.<\/p>","protected":false},"featured_media":1482,"template":"","meta":{"_seopress_robots_primary_cat":"none","_seopress_titles_title":"D\u00e9cimo Loter\u00eda de Nadal 2025 N\u00ba 29782 \u2013 N\u00famero tradicional | Adm. N\u00ba7 Santiago","_seopress_titles_desc":"O 29782 \u00e9 o noso n\u00famero tradicional do Sorteo de Nadal. Reserva xa o teu d\u00e9cimo 2025 na Administraci\u00f3n N\u00ba7 de Santiago con total garant\u00eda e seguridade.","_seopress_robots_index":"","_gspb_post_css":"","_joinchat":[]},"product_brand":[],"product_cat":[79],"product_tag":[],"class_list":{"0":"post-1483","1":"product","2":"type-product","3":"status-publish","4":"has-post-thumbnail","6":"product_cat-loteria-de-nadal","8":"first","9":"outofstock","10":"shipping-taxable","11":"purchasable","12":"product-type-simple"},"exclude_global_add_ons":[],"addons":[],"_links":{"self":[{"href":"https:\/\/loteriasantiago.com\/es\/wp-json\/wp\/v2\/product\/1483","targetHints":{"allow":["GET"]}}],"collection":[{"href":"https:\/\/loteriasantiago.com\/es\/wp-json\/wp\/v2\/product"}],"about":[{"href":"https:\/\/loteriasantiago.com\/es\/wp-json\/wp\/v2\/types\/product"}],"wp:featuredmedia":[{"embeddable":true,"href":"https:\/\/loteriasantiago.com\/es\/wp-json\/wp\/v2\/media\/1482"}],"wp:attachment":[{"href":"https:\/\/loteriasantiago.com\/es\/wp-json\/wp\/v2\/media?parent=1483"}],"wp:term":[{"taxonomy":"product_brand","embeddable":true,"href":"https:\/\/loteriasantiago.com\/es\/wp-json\/wp\/v2\/product_brand?post=1483"},{"taxonomy":"product_cat","embeddable":true,"href":"https:\/\/loteriasantiago.com\/es\/wp-json\/wp\/v2\/product_cat?post=1483"},{"taxonomy":"product_tag","embeddable":true,"href":"https:\/\/loteriasantiago.com\/es\/wp-json\/wp\/v2\/product_tag?post=1483"}],"curies":[{"name":"wp","href":"https:\/\/api.w.org\/{rel}","templated":true}]}}