{"id":1481,"date":"2025-08-25T12:15:39","date_gmt":"2025-08-25T11:15:39","guid":{"rendered":"https:\/\/loteriasantiago.com\/?post_type=product&#038;p=1481"},"modified":"2025-12-18T10:39:30","modified_gmt":"2025-12-18T09:39:30","slug":"loteria-nadal-2025-decimo-numero-90574","status":"publish","type":"product","link":"https:\/\/loteriasantiago.com\/es\/producto-2\/loteria-nadal-2025-decimo-numero-90574\/","title":{"rendered":"90574 \u2013 D\u00e9cimo Loter\u00eda de Navidad 2025 \u2013 Administraci\u00f3n N\u00ba7 Santiago de Compostela"},"content":{"rendered":"<div class=\"woocommerce-product-details__short-description\">\n<p>O Sorteo Extraordinario de Nadal cel\u00e9brase o 22 de decembro de 2025 e \u00e9 unha das citas m\u00e1is especiais do ano.<br \/>\nNa Administraci\u00f3n N\u00ba7 de Santiago de Compostela po\u00f1emos \u00e1 t\u00faa disposici\u00f3n diferentes n\u00fameros para que poidas mercar o teu d\u00e9cimo en li\u00f1a de maneira c\u00f3moda, segura e con env\u00edo garantido.<\/p>\n<p>O <strong>90574<\/strong> \u00e9 un n\u00famero cheo de enerx\u00eda que combina cifras todas elas distintas, o que o converte nun d\u00e9cimo diferente e atractivo. Perfecto para os que buscan algo orixinal.<\/p>\n<p>\u2705 Compra oficial e 100% segura en Loter\u00edas e Apostas do Estado.<br \/>\n\u2705 Posibilidade de reservar para empresas, asociaci\u00f3ns e colectivos.<br \/>\n\u2705 Env\u00edo garantido a toda Espa\u00f1a.<br \/>\n\u2705 Xesti\u00f3n dispo\u00f1ible tam\u00e9n a trav\u00e9s da app TuLotero.<\/p>\n<p>Non quedes sen o teu n\u00famero da sorte. So\u00f1a co 90574 e participa co teu d\u00e9cimo de Nadal 2025.<\/p>\n<\/div>","protected":false},"excerpt":{"rendered":"<p>D\u00e9cimo de Loter\u00eda de Navidad 2025 N\u00ba <strong>90574<\/strong>. Disponible en la Administraci\u00f3n N\u00ba7 de Santiago de Compostela. Compra online de forma r\u00e1pida, segura y con env\u00edo garantizado.<\/p>\n<p>Este es un n\u00famero lleno de energ\u00eda que combina cifras altas con un final que no a todo el mundo le gusta, lo que lo convierte en un d\u00e9cimo diferente y atractivo. Perfecto para los que buscan algo original.<\/p>","protected":false},"featured_media":1480,"template":"","meta":{"_seopress_robots_primary_cat":"none","_seopress_titles_title":"D\u00e9cimo Loter\u00eda de Nadal 2025 N\u00ba 90574 | Adm. N\u00ba7 Santiago","_seopress_titles_desc":"Mercar online o d\u00e9cimo 90574 da Loter\u00eda de Nadal 2025 na Administraci\u00f3n N\u00ba7 de Santiago. Compra oficial con env\u00edo seguro a toda Espa\u00f1a.","_seopress_robots_index":"","_gspb_post_css":"","_joinchat":[]},"product_brand":[],"product_cat":[79],"product_tag":[],"class_list":{"0":"post-1481","1":"product","2":"type-product","3":"status-publish","4":"has-post-thumbnail","6":"product_cat-loteria-de-nadal","8":"first","9":"outofstock","10":"shipping-taxable","11":"purchasable","12":"product-type-simple"},"exclude_global_add_ons":[],"addons":[],"_links":{"self":[{"href":"https:\/\/loteriasantiago.com\/es\/wp-json\/wp\/v2\/product\/1481","targetHints":{"allow":["GET"]}}],"collection":[{"href":"https:\/\/loteriasantiago.com\/es\/wp-json\/wp\/v2\/product"}],"about":[{"href":"https:\/\/loteriasantiago.com\/es\/wp-json\/wp\/v2\/types\/product"}],"wp:featuredmedia":[{"embeddable":true,"href":"https:\/\/loteriasantiago.com\/es\/wp-json\/wp\/v2\/media\/1480"}],"wp:attachment":[{"href":"https:\/\/loteriasantiago.com\/es\/wp-json\/wp\/v2\/media?parent=1481"}],"wp:term":[{"taxonomy":"product_brand","embeddable":true,"href":"https:\/\/loteriasantiago.com\/es\/wp-json\/wp\/v2\/product_brand?post=1481"},{"taxonomy":"product_cat","embeddable":true,"href":"https:\/\/loteriasantiago.com\/es\/wp-json\/wp\/v2\/product_cat?post=1481"},{"taxonomy":"product_tag","embeddable":true,"href":"https:\/\/loteriasantiago.com\/es\/wp-json\/wp\/v2\/product_tag?post=1481"}],"curies":[{"name":"wp","href":"https:\/\/api.w.org\/{rel}","templated":true}]}}