{"id":1479,"date":"2025-08-25T12:15:14","date_gmt":"2025-08-25T11:15:14","guid":{"rendered":"https:\/\/loteriasantiago.com\/?post_type=product&#038;p=1479"},"modified":"2025-12-18T10:39:30","modified_gmt":"2025-12-18T09:39:30","slug":"loteria-nadal-2025-decimo-numero-94027","status":"publish","type":"product","link":"https:\/\/loteriasantiago.com\/es\/producto-2\/loteria-nadal-2025-decimo-numero-94027\/","title":{"rendered":"94027 \u2013 D\u00e9cimo Loter\u00eda de Navidad 2025 \u2013 Administraci\u00f3n N\u00ba7 Santiago de Compostela"},"content":{"rendered":"<div class=\"woocommerce-product-details__short-description\">\n<p>O Sorteo Extraordinario de Nadal cel\u00e9brase o 22 de decembro de 2025 e \u00e9 unha das citas m\u00e1is especiais do ano.<br \/>\nNa Administraci\u00f3n N\u00ba7 de Santiago de Compostela po\u00f1emos \u00e1 t\u00faa disposici\u00f3n diferentes n\u00fameros para que poidas mercar o teu d\u00e9cimo en li\u00f1a de maneira c\u00f3moda, segura e con env\u00edo garantido.<\/p>\n<p>El n\u00famero <strong>94027<\/strong> leva unha terminaci\u00f3n moi especial para n\u00f3s: o 027, que todos os anos xogamos no sorteo de Nadal. Se che gustan as terminaci\u00f3ns que sempre se xogan nunha administraci\u00f3n e con tradici\u00f3n, este \u00e9 o teu d\u00e9cimo.<\/p>\n<p>\u2705 Compra oficial e 100% segura en Loter\u00edas e Apostas do Estado.<br \/>\n\u2705 Posibilidade de reservar para empresas, asociaci\u00f3ns e colectivos.<br \/>\n\u2705 Env\u00edo garantido a toda Espa\u00f1a.<br \/>\n\u2705 Xesti\u00f3n dispo\u00f1ible tam\u00e9n a trav\u00e9s da app TuLotero.<\/p>\n<p>Non quedes sen o teu n\u00famero da sorte. So\u00f1a con El Gordo e participa co teu d\u00e9cimo de Nadal 2025.<\/p>\n<\/div>","protected":false},"excerpt":{"rendered":"<p>El n\u00famero <strong>94027<\/strong> lleva una terminaci\u00f3n muy especial para nosotros: el 027, que lo jugamos todos los a\u00f1os en el sorteo de la loter\u00eda nacional de Navidad. Si te gustan los n\u00fameros que son \u00fanicos para las Administraciones de Loter\u00eda, este es tu n\u00famero!<\/p>\n<p>D\u00e9cimo de Loter\u00eda de Navidad 2025 N\u00ba 94027. Disponible en la Administraci\u00f3n N\u00ba7 de Santiago de Compostela. Compra online de forma r\u00e1pida, segura y con env\u00edo garantizado.<\/p>","protected":false},"featured_media":1478,"template":"","meta":{"_seopress_robots_primary_cat":"none","_seopress_titles_title":"D\u00e9cimo Loter\u00eda de Nadal 2025 N\u00ba 94027 \u2013 Terminaci\u00f3n 027 | Adm. N\u00ba7 Santiago","_seopress_titles_desc":"Escolle o d\u00e9cimo 94027 da Loter\u00eda de Nadal 2025, coa terminaci\u00f3n especial 027 que xogamos cada ano. Compra online segura na Administraci\u00f3n N\u00ba7 de Santiago.","_seopress_robots_index":"","_gspb_post_css":"","_joinchat":[]},"product_brand":[],"product_cat":[79],"product_tag":[],"class_list":{"0":"post-1479","1":"product","2":"type-product","3":"status-publish","4":"has-post-thumbnail","6":"product_cat-loteria-de-nadal","8":"first","9":"outofstock","10":"shipping-taxable","11":"purchasable","12":"product-type-simple"},"exclude_global_add_ons":[],"addons":[],"_links":{"self":[{"href":"https:\/\/loteriasantiago.com\/es\/wp-json\/wp\/v2\/product\/1479","targetHints":{"allow":["GET"]}}],"collection":[{"href":"https:\/\/loteriasantiago.com\/es\/wp-json\/wp\/v2\/product"}],"about":[{"href":"https:\/\/loteriasantiago.com\/es\/wp-json\/wp\/v2\/types\/product"}],"wp:featuredmedia":[{"embeddable":true,"href":"https:\/\/loteriasantiago.com\/es\/wp-json\/wp\/v2\/media\/1478"}],"wp:attachment":[{"href":"https:\/\/loteriasantiago.com\/es\/wp-json\/wp\/v2\/media?parent=1479"}],"wp:term":[{"taxonomy":"product_brand","embeddable":true,"href":"https:\/\/loteriasantiago.com\/es\/wp-json\/wp\/v2\/product_brand?post=1479"},{"taxonomy":"product_cat","embeddable":true,"href":"https:\/\/loteriasantiago.com\/es\/wp-json\/wp\/v2\/product_cat?post=1479"},{"taxonomy":"product_tag","embeddable":true,"href":"https:\/\/loteriasantiago.com\/es\/wp-json\/wp\/v2\/product_tag?post=1479"}],"curies":[{"name":"wp","href":"https:\/\/api.w.org\/{rel}","templated":true}]}}