{"id":1462,"date":"2025-08-13T09:40:15","date_gmt":"2025-08-13T08:40:15","guid":{"rendered":"https:\/\/loteriasantiago.com\/?post_type=product&#038;p=1462"},"modified":"2025-12-18T10:40:17","modified_gmt":"2025-12-18T09:40:17","slug":"elixe-o-teu-numero-loteria-nadal-2025","status":"publish","type":"product","link":"https:\/\/loteriasantiago.com\/es\/producto-2\/elixe-o-teu-numero-loteria-nadal-2025\/","title":{"rendered":"Elige tu n\u00famero - D\u00e9cimo Loter\u00eda de Navidad 2025 | Administraci\u00f3n N\u00ba7 Santiago"},"content":{"rendered":"<pre id=\"tw-target-text\" class=\"tw-data-text tw-text-large tw-ta\" dir=\"ltr\" data-placeholder=\"Traducci\u00f3n\" data-ved=\"2ahUKEwjcxZqPmaiPAxUMNfsDHeZvOvoQ3ewLegQIChAV\" aria-label=\"Texto traducido: O Sorteo Especial da Loter\u00eda de Nadal celebrarase o 22 de decembro de 2025 e cada ano miles de persoas buscan un n\u00famero especial: unha data importante, un n\u00famero da sorte ou un n\u00famero con significado persoal. Na Oficina n\u00ba 7 de Santiago de Compostela, ofrec\u00e9mosche a posibilidade de **escoller o n\u00famero da Loter\u00eda de Nadal que queiras**. \ud83d\udc49 Como funciona? 1. Escribe o n\u00famero que queres no campo de personalizaci\u00f3n. 2. Indica cantos d\u00e9cimos queres comprar. 3. O noso equipo comprobar\u00e1 a dispo\u00f1ibilidade e confirmar\u00e1 antes de completar o pedido. \u26a0\ufe0f Importante: A dispo\u00f1ibilidade depende de se temos ese n\u00famero na nosa oficina ou podemos xestionalo por ti. \u2705 Vantaxes de mercar connosco: - Compra 100 % segura nunha oficina oficial de Loter\u00edas e Apostas do Estado. - Posibilidade de reservar n\u00fameros para empresas, asociaci\u00f3ns e colectivos. - Usa a aplicaci\u00f3n TuLotero para unha xesti\u00f3n m\u00e1is sinxela. - Env\u00edo garantido a toda Espa\u00f1a. Non perdas o teu n\u00famero especial. **Escolle o teu n\u00famero da Loter\u00eda de Nadal 2025 e participa no sorteo m\u00e1is esperado do ano.**\"><span class=\"Y2IQFc\" lang=\"gl\">O Sorteo Especial da Loter\u00eda de Nadal celebrarase o 22 de decembro de 2025 e cada ano miles de persoas buscan un n\u00famero especial: unha data importante, un n\u00famero da sorte ou un n\u00famero con significado persoal.\r\n\r\nNa Administraci\u00f3n n\u00ba 7 de Santiago de Compostela, ofrec\u00e9mosche a posibilidade de <strong>escoller o n\u00famero da Loter\u00eda de Nadal que queiras<\/strong>.\r\n\r\n\ud83d\udc49 Como funciona?\r\n1.<strong> PONTE EN CONTACTO CONNOSCO (tel\u00e9fono, mail ou whatsapp) para verificar que o n\u00famero que buscas o temos dispo\u00f1ible. \r\n<\/strong>2. Escribe o n\u00famero que queres no campo de personalizaci\u00f3n.\r\n3. Indica cantos d\u00e9cimos queres comprar.\r\n\r\n\u26a0\ufe0f Importante: A dispo\u00f1ibilidade depende de se temos ese n\u00famero na nosa administraci\u00f3n ou podemos conseguilo. \r\n\r\n\u2705 Vantaxes de mercar connosco:\r\n- Compra 100 % segura nunha oficina oficial de Loter\u00edas e Apostas do Estado.\r\n- Posibilidade de reservar n\u00fameros para empresas, asociaci\u00f3ns e colectivos.\r\n- Usa a aplicaci\u00f3n TuLotero para unha xesti\u00f3n m\u00e1is sinxela.\r\n- Env\u00edo garantido a toda Espa\u00f1a.\r\n\r\nNon perdas o teu n\u00famero especial.\r\n<strong>Escolle o teu n\u00famero da Loter\u00eda de Nadal 2025 e participa no sorteo m\u00e1is esperado do ano.<\/strong><\/span><\/pre>","protected":false},"excerpt":{"rendered":"<p>Elige el n\u00famero de Loter\u00eda de Navidad 2025 que quieras. Solo tienes que escribir el n\u00famero y a\u00f1adir la cantidad deseada.<\/p>\n<p><strong>IMPORTANTE<\/strong>: Antes de hacer tu pedido, debes contactar con nosotros para verificar la disponibilidad del n\u00famero que deseas.<\/p>","protected":false},"featured_media":1467,"template":"","meta":{"_seopress_robots_primary_cat":"none","_seopress_titles_title":"Elixe o teu n\u00famero de Loter\u00eda de Nadal 2025 | Adm. N\u00ba7 Santiago","_seopress_titles_desc":"Elixe o n\u00famero de Loter\u00eda de Nadal 2025 que queiras.\r\nIMPORTANTE: Antes de facer o teu pedido, debes contactar connosco para verificar a dispo\u00f1ibilidade do n\u00famero que desexas.","_seopress_robots_index":"","_gspb_post_css":"","_joinchat":[]},"product_brand":[],"product_cat":[79],"product_tag":[],"class_list":{"0":"post-1462","1":"product","2":"type-product","3":"status-publish","4":"has-post-thumbnail","6":"product_cat-loteria-de-nadal","8":"first","9":"outofstock","10":"featured","11":"shipping-taxable","12":"purchasable","13":"product-type-simple"},"exclude_global_add_ons":false,"addons":[{"name":"N\u00famero","type":"custom_text","position":0,"required":true,"title_format":"label","default":"","description_enable":false,"description":"","placeholder_enable":false,"placeholder":"","display":"select","restrictions_type":"only_numbers","adjust_price":false,"price":"","price_type":"flat_fee","restrictions":true,"min":"5","max":"5","options":[],"id":1755078016}],"_links":{"self":[{"href":"https:\/\/loteriasantiago.com\/es\/wp-json\/wp\/v2\/product\/1462","targetHints":{"allow":["GET"]}}],"collection":[{"href":"https:\/\/loteriasantiago.com\/es\/wp-json\/wp\/v2\/product"}],"about":[{"href":"https:\/\/loteriasantiago.com\/es\/wp-json\/wp\/v2\/types\/product"}],"wp:featuredmedia":[{"embeddable":true,"href":"https:\/\/loteriasantiago.com\/es\/wp-json\/wp\/v2\/media\/1467"}],"wp:attachment":[{"href":"https:\/\/loteriasantiago.com\/es\/wp-json\/wp\/v2\/media?parent=1462"}],"wp:term":[{"taxonomy":"product_brand","embeddable":true,"href":"https:\/\/loteriasantiago.com\/es\/wp-json\/wp\/v2\/product_brand?post=1462"},{"taxonomy":"product_cat","embeddable":true,"href":"https:\/\/loteriasantiago.com\/es\/wp-json\/wp\/v2\/product_cat?post=1462"},{"taxonomy":"product_tag","embeddable":true,"href":"https:\/\/loteriasantiago.com\/es\/wp-json\/wp\/v2\/product_tag?post=1462"}],"curies":[{"name":"wp","href":"https:\/\/api.w.org\/{rel}","templated":true}]}}