{"id":1451,"date":"2025-08-13T08:40:42","date_gmt":"2025-08-13T07:40:42","guid":{"rendered":"https:\/\/loteriasantiago.com\/producto\/86579\/"},"modified":"2025-12-18T10:39:30","modified_gmt":"2025-12-18T09:39:30","slug":"loteria-nadal-2025-decimo-numero-86579","status":"publish","type":"product","link":"https:\/\/loteriasantiago.com\/es\/producto-2\/loteria-nadal-2025-decimo-numero-86579\/","title":{"rendered":"86579 \u2013 D\u00e9cimo Loter\u00eda de Navidad 2025 \u2013 Administraci\u00f3n N\u00ba7 Santiago de Compostela"},"content":{"rendered":"<p>O Sorteo Extraordinario de Nadal cel\u00e9brase o 22 de decembro de 2025 e \u00e9 unha das citas m\u00e1is especiais do ano.<br \/>\nNa Administraci\u00f3n N\u00ba7 de Santiago de Compostela po\u00f1emos \u00e1 t\u00faa disposici\u00f3n diferentes n\u00fameros para que poidas mercar o teu d\u00e9cimo en li\u00f1a de maneira c\u00f3moda, segura e con env\u00edo garantido.<\/p>\n<p>El n\u00famero <strong>86579<\/strong> ten unha terminaci\u00f3n impar en 79, moi popular entre os que cren en cifras fortes e din\u00e1micas, adem\u00e1is \u00e9 un d\u00e9cimo no que non se repite ning\u00fan dos n\u00famero. Entre as cifras est\u00e1n o 5,6,7,8 e 9 desordenadas, o que o fai m\u00e1is \u00fanico para o sorteo de Nadal.<\/p>\n<p>\u2705 Compra oficial e 100% segura en Loter\u00edas e Apostas do Estado.<br \/>\n\u2705 Posibilidade de reservar para empresas, asociaci\u00f3ns e colectivos.<br \/>\n\u2705 Env\u00edo garantido a toda Espa\u00f1a.<br \/>\n\u2705 Xesti\u00f3n dispo\u00f1ible tam\u00e9n a trav\u00e9s da app TuLotero.<\/p>\n<p>Non quedes sen o teu n\u00famero da sorte o 86579 \u00e9 un n\u00famero moi especial para este Nadal!<\/p>","protected":false},"excerpt":{"rendered":"<p>El n\u00famero 86579 es un n\u00famero muy solicitado porque termina en 79 y adem\u00e1s no se repite ninguna de sus cifras. Y como dato curioso tiene los n\u00fameros 5, 6, 7, 8 y 9 desordenador, lo que hace que este d\u00e9cimo sea \u00fanico! Seguro que trae mucha suerte para esta Navidad.<\/p>\n<p>D\u00e9cimo de Loter\u00eda de Navidad 2025 N\u00ba 86579. Disponible en la Administraci\u00f3n N\u00ba7 de Santiago de Compostela. Compra online de forma r\u00e1pida, segura y con env\u00edo garantizado.<\/p>","protected":false},"featured_media":1450,"template":"","meta":{"_seopress_robots_primary_cat":"none","_seopress_titles_title":"Comprar D\u00e9cimo Loter\u00eda de Navidad 2025 N\u00ba 86579 | Adm. N\u00ba7 Santiago","_seopress_titles_desc":"Compra online el d\u00e9cimo N\u00ba 86579 de la Loter\u00eda de Navidad 2025 en la Administraci\u00f3n N\u00ba7 de Santiago de Compostela. Env\u00edo seguro y r\u00e1pido.","_seopress_robots_index":"","_gspb_post_css":"","_joinchat":[]},"product_brand":[],"product_cat":[79],"product_tag":[],"class_list":{"0":"post-1451","1":"product","2":"type-product","3":"status-publish","4":"has-post-thumbnail","6":"product_cat-loteria-de-nadal","8":"first","9":"outofstock","10":"shipping-taxable","11":"purchasable","12":"product-type-simple"},"exclude_global_add_ons":[],"addons":[],"_links":{"self":[{"href":"https:\/\/loteriasantiago.com\/es\/wp-json\/wp\/v2\/product\/1451","targetHints":{"allow":["GET"]}}],"collection":[{"href":"https:\/\/loteriasantiago.com\/es\/wp-json\/wp\/v2\/product"}],"about":[{"href":"https:\/\/loteriasantiago.com\/es\/wp-json\/wp\/v2\/types\/product"}],"wp:featuredmedia":[{"embeddable":true,"href":"https:\/\/loteriasantiago.com\/es\/wp-json\/wp\/v2\/media\/1450"}],"wp:attachment":[{"href":"https:\/\/loteriasantiago.com\/es\/wp-json\/wp\/v2\/media?parent=1451"}],"wp:term":[{"taxonomy":"product_brand","embeddable":true,"href":"https:\/\/loteriasantiago.com\/es\/wp-json\/wp\/v2\/product_brand?post=1451"},{"taxonomy":"product_cat","embeddable":true,"href":"https:\/\/loteriasantiago.com\/es\/wp-json\/wp\/v2\/product_cat?post=1451"},{"taxonomy":"product_tag","embeddable":true,"href":"https:\/\/loteriasantiago.com\/es\/wp-json\/wp\/v2\/product_tag?post=1451"}],"curies":[{"name":"wp","href":"https:\/\/api.w.org\/{rel}","templated":true}]}}