{"id":1447,"date":"2025-08-13T08:39:59","date_gmt":"2025-08-13T07:39:59","guid":{"rendered":"https:\/\/loteriasantiago.com\/producto\/05961\/"},"modified":"2025-12-18T10:39:53","modified_gmt":"2025-12-18T09:39:53","slug":"loteria-nadal-2025-decimo-numero-05961","status":"publish","type":"product","link":"https:\/\/loteriasantiago.com\/es\/producto-2\/loteria-nadal-2025-decimo-numero-05961\/","title":{"rendered":"05961 \u2013 D\u00e9cimo Loter\u00eda de Navidad 2025 \u2013 Administraci\u00f3n N\u00ba7 Santiago de Compostela"},"content":{"rendered":"<p>O Sorteo Extraordinario de Nadal cel\u00e9brase o 22 de decembro de 2025 e \u00e9 unha das citas m\u00e1is especiais do ano.<br \/>\nNa Administraci\u00f3n N\u00ba7 de Santiago de Compostela po\u00f1emos \u00e1 t\u00faa disposici\u00f3n diferentes n\u00fameros para que poidas mercar o teu d\u00e9cimo en li\u00f1a de maneira c\u00f3moda, segura e con env\u00edo garantido.<\/p>\n<p>El n\u00famero <strong>05961<\/strong> \u00e9 sinxelo de lembrar, ao non repetirse ning\u00fan dos n\u00fameros \u00e9 un d\u00e9cimo moi atractivo. Un d\u00e9cimo \u00fanico para quen busca algo distinto ao habitual.<\/p>\n<p>\u2705 Compra oficial e 100% segura en Loter\u00edas e Apostas do Estado.<br \/>\n\u2705 Posibilidade de reservar para empresas, asociaci\u00f3ns e colectivos.<br \/>\n\u2705 Env\u00edo garantido a toda Espa\u00f1a.<br \/>\n\u2705 Xesti\u00f3n dispo\u00f1ible tam\u00e9n a trav\u00e9s da app TuLotero.<\/p>\n<p>Non quedes sen o n\u00famero 05961. So\u00f1a con El Gordo e participa con este d\u00e9cimo de Nadal 2025.<\/p>","protected":false},"excerpt":{"rendered":"<p>El n\u00famero <strong>05961<\/strong> es sencillo de acordarse de el, no se repite ning\u00fan n\u00famero y eso le da un toque especial. Un d\u00e9cimo \u00fanico para quien busca algo distinto a lo habitual.<\/p>\n<p>Disponible en nuestra Administraci\u00f3n,<\/p>","protected":false},"featured_media":1446,"template":"","meta":{"_seopress_robots_primary_cat":"none","_seopress_titles_title":"D\u00e9cimo Loter\u00eda de Nadal 2025 N\u00ba 05961 | Adm. N\u00ba7 Santiago","_seopress_titles_desc":"Compra o d\u00e9cimo 05961 da Loter\u00eda de Nadal 2025 en Santiago de Compostela. Compra online de forma segura e r\u00e1pida.","_seopress_robots_index":"","_gspb_post_css":"","_joinchat":[]},"product_brand":[],"product_cat":[79],"product_tag":[],"class_list":{"0":"post-1447","1":"product","2":"type-product","3":"status-publish","4":"has-post-thumbnail","6":"product_cat-loteria-de-nadal","8":"first","9":"outofstock","10":"shipping-taxable","11":"purchasable","12":"product-type-simple"},"exclude_global_add_ons":[],"addons":[],"_links":{"self":[{"href":"https:\/\/loteriasantiago.com\/es\/wp-json\/wp\/v2\/product\/1447","targetHints":{"allow":["GET"]}}],"collection":[{"href":"https:\/\/loteriasantiago.com\/es\/wp-json\/wp\/v2\/product"}],"about":[{"href":"https:\/\/loteriasantiago.com\/es\/wp-json\/wp\/v2\/types\/product"}],"wp:featuredmedia":[{"embeddable":true,"href":"https:\/\/loteriasantiago.com\/es\/wp-json\/wp\/v2\/media\/1446"}],"wp:attachment":[{"href":"https:\/\/loteriasantiago.com\/es\/wp-json\/wp\/v2\/media?parent=1447"}],"wp:term":[{"taxonomy":"product_brand","embeddable":true,"href":"https:\/\/loteriasantiago.com\/es\/wp-json\/wp\/v2\/product_brand?post=1447"},{"taxonomy":"product_cat","embeddable":true,"href":"https:\/\/loteriasantiago.com\/es\/wp-json\/wp\/v2\/product_cat?post=1447"},{"taxonomy":"product_tag","embeddable":true,"href":"https:\/\/loteriasantiago.com\/es\/wp-json\/wp\/v2\/product_tag?post=1447"}],"curies":[{"name":"wp","href":"https:\/\/api.w.org\/{rel}","templated":true}]}}