{"id":721,"date":"2025-02-18T15:17:00","date_gmt":"2025-02-18T15:17:00","guid":{"rendered":"https:\/\/loteriasantiago.com\/?page_id=721"},"modified":"2025-05-21T08:49:22","modified_gmt":"2025-05-21T07:49:22","slug":"declaracion-de-accesibilidade","status":"publish","type":"page","link":"https:\/\/loteriasantiago.com\/es\/declaracion-de-accesibilidade\/","title":{"rendered":"Declaraci\u00f3n de accesibilidad"},"content":{"rendered":"<h3 class=\"wp-block-heading\" id=\"situacion-de-cumplimento\">Situaci\u00f3n de cumplimento<\/h3>\n\n\n\n<p><strong>Administraci\u00f3n de Loter\u00edas n\u00ba7<\/strong> (en adelante, tam\u00e9n Sitio Web) \u00e9 parcialmente conforme co <strong>Real Decreto 1112\/2018<\/strong>, de 7 de setembro, debido \u00e1 falta de conformidade dos aspectos que se indican a continuaci\u00f3n.<\/p>\n\n\n\n<h4 class=\"wp-block-heading\" id=\"contido-non-accesible\">Contido Non Accesible<\/h4>\n\n\n\n<p>O contido que se recolle a continuaci\u00f3n non \u00e9 accesible por os seguintes motivos:<\/p>\n\n\n\n<p>a. <strong>Falta de conformidade co RD 1112\/2018<\/strong>: Non aplica. Cumple o 100% dos criterios de accesibilidade web.<\/p>\n\n\n\n<p>b. <strong>Carga desproporcionada<\/strong>: Non aplica.<\/p>\n\n\n\n<p>c. <strong>Contido non entra dentro do \u00e1mbito da legislaci\u00f3n aplicable<\/strong>:<\/p>\n\n\n\n<ul class=\"wp-block-list\">\n<li>Poden existir ficheiros de ofim\u00e1tica en PDF e outros formatos publicados antes do 20 de setembro de 2018 que non cumplan en s\u00faa totalidade todos os requisitos de accesibilidade. A\u00ednda que se procurou que a maior\u00eda de eles s\u00ed o cumplan.<\/li>\n\n\n\n<li>Pode haber contidos de terceiros que non estean desenvolvidos nesta Unidade nin baixo o seu control como imaxes, mapas interactivos, v\u00eddeos, documentos, reproductores, etc.<\/li>\n\n\n\n<li>Poden existir ficheiros pregrabados publicados antes do 20 de setembro de 2018 que non cumplan en s\u00faa totalidade todos os requisitos de accesibilidade.<\/li>\n\n\n\n<li>Partes ou a totalidade do sitio web pode estar creada con un CMS (WordPress, Shopify, PrestaShop, etc.), polo que debido a alg\u00fans actualizaci\u00f3ns ou cambios nos sistemas, pode que non todo o contido xerado ou autoxerado cumpla con todas as normativas de accesibilidade.<\/li>\n<\/ul>\n\n\n\n<h3 class=\"wp-block-heading\" id=\"preparacion-da-presente-declaracion-de-accesibilidade\">Preparaci\u00f3n da Presente Declaraci\u00f3n de Accesibilidade<\/h3>\n\n\n\n<p>A presente declaraci\u00f3n foi preparada o d\u00eda <strong>12 de marzo de 2025<\/strong>.<\/p>\n\n\n\n<p>O m\u00e9todo empregado para preparar a declaraci\u00f3n foi unha autoevaluaci\u00f3n levada a cabo pola propia empresa.<\/p>\n\n\n\n<h3 class=\"wp-block-heading\" id=\"observacions-e-datos-de-contacto\">Observaci\u00f3ns e Datos de Contacto<\/h3>\n\n\n\n<p>Pode realizar comunicaci\u00f3ns sobre requisitos de accesibilidade (artigo 10.2.a do Real Decreto 1112\/2018, de 7 de setembro) como, por exemplo:<\/p>\n\n\n\n<ul class=\"wp-block-list\">\n<li>Informar sobre calquera posible incumplimento por parte deste sitio web.<\/li>\n\n\n\n<li>Transmitir outras dificultades de acceso ao contido.<\/li>\n\n\n\n<li>Formular calquera outra consulta ou sugerencia de mellora relativa \u00e1 accesibilidade do sitio web.<\/li>\n<\/ul>\n\n\n\n<p>A trav\u00e9s das seguintes v\u00edas:<\/p>\n\n\n\n<ul class=\"wp-block-list\">\n<li>Correo electr\u00f3nico: loteriasantiago7@gmail.com<\/li>\n\n\n\n<li>Tel\u00e9fono: 981 582 820<\/li>\n<\/ul>\n\n\n\n<p>Acorde ao artigo 10.2.b do RD 1112\/2018, tam\u00e9n pode presentar:<\/p>\n\n\n\n<ul class=\"wp-block-list\">\n<li>Unha queixa relativa ao cumprimento dos requisitos do RD 1112\/2018.<\/li>\n\n\n\n<li>Unha solicitude de informaci\u00f3n accesible relativa a:<\/li>\n\n\n\n<li>Contidos que est\u00e1n exclu\u00eddos do \u00e1mbito de aplicaci\u00f3n do RD 1112\/2018 segundo lo establecido polo artigo 3, apartado 4.<\/li>\n\n\n\n<li>Contidos que est\u00e1n exentos do cumprimento dos requisitos de accesibilidade por imponer unha carga desproporcionada.<\/li>\n<\/ul>\n\n\n\n<p>Na Solicitude de informaci\u00f3n accesible, debe concretar, con toda claridade, os hechos, raz\u00f3ns e petici\u00f3n que permitan constatar que se trata dunha solicitude razonable e leg\u00edtima.<\/p>\n\n\n\n<p>As comunicaci\u00f3ns ser\u00e1n recibidas e tratadas pola direcci\u00f3n da empresa, como unidade responsable dos contidos deste sitio web.<\/p>\n\n\n\n<h3 class=\"wp-block-heading\" id=\"contido-opcional\">Contido Opcional<\/h3>\n\n\n\n<p>A partir de dicha data se levan a cabo revisi\u00f3ns parciais diarias do contido web novo ou modificado, tanto das plantillas como das p\u00e1xinas e documentos finais publicados, a fin de asegurar o cumprimento dos requiremientos de accesibilidade da Norma UNE-EN 301549:2022, considerando as excepci\u00f3ns do Real Decreto 1112\/2018, de 7 de setembro.<\/p>\n\n\n\n<p>Entre outras se adoptan as seguintes medidas para facilitar a accesibilidade:<\/p>\n\n\n\n<ul class=\"wp-block-list\">\n<li>Utilizaci\u00f3n de texto alternativo nas imaxes.<\/li>\n\n\n\n<li>Os enlaces ofrecen detalles da funci\u00f3n ou destino do hiperv\u00ednculo.<\/li>\n\n\n\n<li>Uso dos est\u00e1ndares do W3C: XHTML 1.0, CSS 3.0, WAI AA.<\/li>\n<\/ul>\n\n\n\n<h3 class=\"wp-block-heading\" id=\"compatibilidade\">Compatibilidade<\/h3>\n\n\n\n<p>O sitio web:<\/p>\n\n\n\n<ul class=\"wp-block-list\">\n<li>Se dise\u00f1ou adapt\u00e1ndose aos est\u00e1ndares e normativas vigentes en relaci\u00f3n \u00e1 accesibilidade, cumprindo cos puntos de verificaci\u00f3n de prioridade 2 (AA) definidos na especificaci\u00f3n de Pautas de Accesibilidade ao Contido na Web (WCAG 2.1).<\/li>\n\n\n\n<li>Est\u00e1 optimizado para as \u00faltimas versi\u00f3ns vigentes de Chrome, Edge, Firefox, Safari e Opera.<\/li>\n\n\n\n<li>Est\u00e1 dise\u00f1ado para a s\u00faa correcta visualizaci\u00f3n en calquera resoluci\u00f3n e dispositivo de escritorio, tabletas ou m\u00f3viles (dise\u00f1o responsive).<\/li>\n\n\n\n<li>Se realizou utilizando HTML5 como lenguaxe de marcado e hojas de estilo CSS 3 para o seu dese\u00f1o.<\/li>\n<\/ul>\n\n\n\n<p>Ademais, se realiza un traballo continuo de auditor\u00eda e revisi\u00f3n de contidos para facilitar a s\u00faa interpretaci\u00f3n e mellorar a navegaci\u00f3n polo portal web.<\/p>","protected":false},"excerpt":{"rendered":"<p>Situaci\u00f3n de cumplimento Administraci\u00f3n de Loter\u00edas n\u00ba7 (en adelante, tam\u00e9n Sitio Web) \u00e9 parcialmente conforme co Real Decreto 1112\/2018, de 7 de setembro, debido \u00e1 falta de conformidade dos aspectos que se indican a continuaci\u00f3n. Contido Non Accesible O contido que se recolle a continuaci\u00f3n non \u00e9 accesible por os seguintes motivos: a. Falta de [&hellip;]<\/p>","protected":false},"author":1,"featured_media":0,"parent":0,"menu_order":0,"comment_status":"closed","ping_status":"closed","template":"","meta":{"_seopress_robots_primary_cat":"","_seopress_titles_title":"","_seopress_titles_desc":"","_seopress_robots_index":"","_gspb_post_css":"","_joinchat":[],"footnotes":""},"class_list":["post-721","page","type-page","status-publish","hentry"],"blocksy_meta":[],"_links":{"self":[{"href":"https:\/\/loteriasantiago.com\/es\/wp-json\/wp\/v2\/pages\/721","targetHints":{"allow":["GET"]}}],"collection":[{"href":"https:\/\/loteriasantiago.com\/es\/wp-json\/wp\/v2\/pages"}],"about":[{"href":"https:\/\/loteriasantiago.com\/es\/wp-json\/wp\/v2\/types\/page"}],"author":[{"embeddable":true,"href":"https:\/\/loteriasantiago.com\/es\/wp-json\/wp\/v2\/users\/1"}],"replies":[{"embeddable":true,"href":"https:\/\/loteriasantiago.com\/es\/wp-json\/wp\/v2\/comments?post=721"}],"version-history":[{"count":6,"href":"https:\/\/loteriasantiago.com\/es\/wp-json\/wp\/v2\/pages\/721\/revisions"}],"predecessor-version":[{"id":1334,"href":"https:\/\/loteriasantiago.com\/es\/wp-json\/wp\/v2\/pages\/721\/revisions\/1334"}],"wp:attachment":[{"href":"https:\/\/loteriasantiago.com\/es\/wp-json\/wp\/v2\/media?parent=721"}],"curies":[{"name":"wp","href":"https:\/\/api.w.org\/{rel}","templated":true}]}}