{"id":719,"date":"2025-02-18T15:17:00","date_gmt":"2025-02-18T15:17:00","guid":{"rendered":"https:\/\/loteriasantiago.com\/?page_id=719"},"modified":"2025-03-12T19:19:18","modified_gmt":"2025-03-12T18:19:18","slug":"politica-de-cookies","status":"publish","type":"page","link":"https:\/\/loteriasantiago.com\/es\/politica-de-cookies\/","title":{"rendered":"Pol\u00edtica de cookies"},"content":{"rendered":"<p>El acceso a este Sitio Web pode implicar a utilizaci\u00f3n de cookies. As cookies son pequenas cantidades de informaci\u00f3n que se almacenan no navegador utilizado por cada Usuario \u2014nos distintos dispositivos que poida utilizar para navegar\u2014 para que o servidor recorde certa informaci\u00f3n que posteriormente e \u00fanicamente o propio servidor que a implementou ler\u00e1. As cookies facilitan a navegaci\u00f3n, a fan m\u00e1is amigable, e non danan o dispositivo de navegaci\u00f3n.<\/p>\n\n\n\n<p>As cookies son procedimentos autom\u00e1ticos de recollecci\u00f3n de informaci\u00f3n relativa \u00e1s preferencias determinadas polo Usuario durante a s\u00faa visita ao Sitio Web co fin de reconecerlo como Usuario, e personalizar a s\u00faa experiencia e o uso do Sitio Web, e poden tam\u00e9n, por exemplo, axudar a identificar e resolver erros.<\/p>\n\n\n\n<p>A informaci\u00f3n recabada a trav\u00e9s das cookies pode inclu\u00edr a data e hora das visitas ao Sitio Web, as p\u00e1xinas visionadas, o tempo que permaneceu no Sitio Web e os sitios visitados xusto antes e despois do mesmo. Pero, nin unha cookie permite que se poida contactar co n\u00famero de tel\u00e9fono do Usuario ou con calquera outro medio de contacto persoal. Ningunha cookie pode extraer informaci\u00f3n do disco duro do Usuario nin robar informaci\u00f3n persoal. A \u00fanica maneira de que a informaci\u00f3n privada do Usuario forme parte do arquivo Cookie \u00e9 que o usuario d\u00e9 persoalmente esa informaci\u00f3n ao servidor.<\/p>\n\n\n\n<p>As cookies que permiten identificar a unha persoa consider\u00e1nse datos persoais. Polo tanto, a estas mesmas aplicar\u00e1lle a Pol\u00edtica de Privacidade descrita anteriormente. Neste sentido, para a s\u00faa utilizaci\u00f3n ser\u00e1 necesario o consentemento do Usuario. Este consentemento ser\u00e1 comunicado, en base a unha elecci\u00f3n aut\u00e9ntica, ofrecido mediante unha decisi\u00f3n afirmativa e positiva, antes do tratamento inicial, removible e documentado.<\/p>\n\n\n\n<h3 class=\"wp-block-heading\" id=\"desactivar-rechazar-e-eliminar-cookies\">Desactivar, Rechazar e Eliminar Cookies<\/h3>\n\n\n\n<p>O Usuario pode desactivar, rechazar e eliminar as cookies \u2014total ou parcialmente\u2014 instaladas no seu dispositivo mediante a configuraci\u00f3n do seu navegador (entre os que se atopan, por exemplo, Chrome, Firefox, Safari, Explorer). Neste sentido, os procedementos para rechazar e eliminar as cookies poden diferir dun navegador de Internet a outro. En conxunto, o Usuario debe acudir \u00e1s instruci\u00f3ns facilitadas polo propio navegador de Internet que estea utilizando.<\/p>\n\n\n\n<p>No suposto de que rexeite o uso de cookies \u2014total ou parcialmente\u2014 poder\u00e1 seguir usando o Sitio Web, se ben poder\u00e1 ter limitada a utilizaci\u00f3n de alg\u00fans das s\u00faas funcionalidades.<\/p>","protected":false},"excerpt":{"rendered":"<p>El acceso a este Sitio Web pode implicar a utilizaci\u00f3n de cookies. As cookies son pequenas cantidades de informaci\u00f3n que se almacenan no navegador utilizado por cada Usuario \u2014nos distintos dispositivos que poida utilizar para navegar\u2014 para que o servidor recorde certa informaci\u00f3n que posteriormente e \u00fanicamente o propio servidor que a implementou ler\u00e1. As [&hellip;]<\/p>","protected":false},"author":1,"featured_media":0,"parent":0,"menu_order":0,"comment_status":"closed","ping_status":"closed","template":"","meta":{"_seopress_robots_primary_cat":"","_seopress_titles_title":"","_seopress_titles_desc":"","_seopress_robots_index":"","_gspb_post_css":"","_joinchat":[],"footnotes":""},"class_list":["post-719","page","type-page","status-publish","hentry"],"blocksy_meta":[],"_links":{"self":[{"href":"https:\/\/loteriasantiago.com\/es\/wp-json\/wp\/v2\/pages\/719","targetHints":{"allow":["GET"]}}],"collection":[{"href":"https:\/\/loteriasantiago.com\/es\/wp-json\/wp\/v2\/pages"}],"about":[{"href":"https:\/\/loteriasantiago.com\/es\/wp-json\/wp\/v2\/types\/page"}],"author":[{"embeddable":true,"href":"https:\/\/loteriasantiago.com\/es\/wp-json\/wp\/v2\/users\/1"}],"replies":[{"embeddable":true,"href":"https:\/\/loteriasantiago.com\/es\/wp-json\/wp\/v2\/comments?post=719"}],"version-history":[{"count":3,"href":"https:\/\/loteriasantiago.com\/es\/wp-json\/wp\/v2\/pages\/719\/revisions"}],"predecessor-version":[{"id":957,"href":"https:\/\/loteriasantiago.com\/es\/wp-json\/wp\/v2\/pages\/719\/revisions\/957"}],"wp:attachment":[{"href":"https:\/\/loteriasantiago.com\/es\/wp-json\/wp\/v2\/media?parent=719"}],"curies":[{"name":"wp","href":"https:\/\/api.w.org\/{rel}","templated":true}]}}