{"id":717,"date":"2025-02-18T15:16:39","date_gmt":"2025-02-18T15:16:39","guid":{"rendered":"https:\/\/loteriasantiago.com\/?page_id=717"},"modified":"2025-05-21T08:49:43","modified_gmt":"2025-05-21T07:49:43","slug":"aviso-legal","status":"publish","type":"page","link":"https:\/\/loteriasantiago.com\/es\/aviso-legal\/","title":{"rendered":"Aviso legal"},"content":{"rendered":"<h3 class=\"wp-block-heading\" id=\"i-informacion-xeral\">I. Informaci\u00f3n xeral<\/h3>\n\n\n\n<p>En cumprimento co deber de informaci\u00f3n disposto na Lei 34\/2002 de Servizos da Sociedade da Informaci\u00f3n e o Comercio Electr\u00f3nico (LSSI-CE) de 11 de xullo, se facilitan a continuaci\u00f3n os seguintes datos de informaci\u00f3n xeral deste sitio web:<\/p>\n\n\n\n<p>A titularidade deste sitio web, loteriasantiago.com, (en adiante, Sitio Web) a ostenta: Mateo Dom\u00ednguez S\u00e1nchez (53483526Q), cuxos datos de contacto son:<\/p>\n\n\n\n<ul class=\"wp-block-list\">\n<li>Direcci\u00f3n: R\u00faa de Varsovia Local 18 D2 (Esquina roxa), 15707 Santiago de Compostela (A Coru\u00f1a)<\/li>\n\n\n\n<li>Tel\u00e9fono de contacto: 981 582 820<\/li>\n\n\n\n<li>Email de contacto: loteriasantiago7@gmail.com<\/li>\n<\/ul>\n\n\n\n<h3 class=\"wp-block-heading\" id=\"ii-terminos-e-condicions-xerais-de-uso\">II. T\u00e9rminos e Condici\u00f3ns Xerais de Uso<\/h3>\n\n\n\n<p><strong>O Objeto das Condici\u00f3ns: O Sitio Web<\/strong><\/p>\n\n\n\n<p>O objete das presentes Condici\u00f3ns Xerais de Uso (en adiante, Condici\u00f3ns) \u00e9 regular o acceso e a utilizaci\u00f3n do Sitio Web. Aos efectos das presentes Condici\u00f3ns, ent\u00e9ndese como Sitio Web: a apariencia externa dos interfaces de pantalla, tanto de forma est\u00e1tica como din\u00e1mica, \u00e9 dicir, o \u00e1rbore de navegaci\u00f3n; e todos os elementos integrados tanto nos interfaces de pantalla como no \u00e1rbore de navegaci\u00f3n (en adiante, Contidos) e todos aqueles servizos ou recursos en li\u00f1a que en seu caso ofrezan aos Usuarios (en adiante, Servizos).<\/p>\n\n\n\n<p><strong>Administraci\u00f3n de Loter\u00edas n\u00ba7<\/strong> reserva a facultade de modificar, en calquera momento, e sen aviso previo, a presentaci\u00f3n e configuraci\u00f3n do Sitio Web e dos Contidos e Servizos que en \u00e9l pudesen estar incorporados. O Usuario reco\u00f1ece e acepta que en calquera momento <strong>Administraci\u00f3n de Loter\u00edas n\u00ba7<\/strong> poida interromper, desactivar e\/ou cancelar calquera destes elementos que se integren no Sitio Web ou o acceso a eles.<\/p>\n\n\n\n<p>O acceso ao Sitio Web polo Usuario ten car\u00e1cter libre e, por regra xeral, \u00e9 gratu\u00edto sen que o Usuario te\u00f1a que proporcionar unha contraprestaci\u00f3n para poder disfrutar do mesmo, salvo en lo relativo ao coste de conexi\u00f3n a trav\u00e9s da rede de telecomunicaci\u00f3ns suministrada polo proveedor de acceso que houbese contratado o Usuario.<\/p>\n\n\n\n<p>A utilizaci\u00f3n de alguno dos Contidos ou Servizos do Sitio Web poder\u00e1 facerse mediante a suscrici\u00f3n ou rexistro previo do Usuario.<\/p>\n\n\n\n<p><strong>O Usuario<\/strong><\/p>\n\n\n\n<p>O acceso, a navegaci\u00f3n e uso do Sitio Web, as\u00ed como polos espazos habilitados para interactuar entre os Usuarios, e o Usuario e <strong>Administraci\u00f3n de Loter\u00edas n\u00ba7<\/strong>, como os comentarios e\/ou espazos de blogging, confere a condici\u00f3n de Usuario, polo que se aceptan, desde que se inicia a navegaci\u00f3n polo Sitio Web, todas as Condici\u00f3ns aqu\u00ed estabelecidas, as\u00ed como as s\u00faas ulteriores modificaci\u00f3ns, sen perxudicar a aplicaci\u00f3n da correspondente normativa legal de obrado cumprimento segundo o caso. Dada a relevancia de lo anterior, recom\u00e9ndase ao Usuario ler as cada vez que visite o Sitio Web.<\/p>\n\n\n\n<p>O Sitio Web de <strong>Administraci\u00f3n de Loter\u00edas n\u00ba7<\/strong> proporciona gran diversidade de informaci\u00f3n, servizos e datos. O Usuario asume a s\u00faa responsabilidade para realizar un uso correcto do Sitio Web. Esta responsabilidade estenderase a:<\/p>\n\n\n\n<ul class=\"wp-block-list\">\n<li>Un uso da informaci\u00f3n, Contidos e\/ou Servizos e datos ofrecidos por <strong>Administraci\u00f3n de Loter\u00edas n\u00ba7<\/strong> sen que sexa contrario ao disposto polas presentes Condici\u00f3ns, a Lei, a moral ou o orden p\u00fablico, ou que de calquera outro modo poidan supor lesi\u00f3n de dereitos de terceiros ou do mesmo funcionamento do Sitio Web.<\/li>\n\n\n\n<li>A veracidade e licitude das informaci\u00f3ns aportadas polo Usuario nos formularios estendidos por <strong>Administraci\u00f3n de Loter\u00edas n\u00ba7<\/strong> para o acceso a certos Contidos ou Servizos ofrecidos polo Sitio Web. En todo caso, o Usuario notificar\u00e1 de forma inmediata a <strong>Administraci\u00f3n de Loter\u00edas n\u00ba7<\/strong> acerca de calquera feito que permita o uso indebido da informaci\u00f3n rexistrada neses formularios, tales como, pero non s\u00f3, o robo, extrav\u00edo, ou o acceso non autorizado a identificadores e\/ou contrase\u00f1as, co fin de proceder \u00e1 s\u00faa inmediata cancelaci\u00f3n.<\/li>\n<\/ul>\n\n\n\n<p><strong>Administraci\u00f3n de Loter\u00edas n\u00ba7<\/strong> reserva o dereito de retirar todos aqueles comentarios e aportaci\u00f3ns que vulneren a lei, o respeto \u00e1 dignidade da persoa, que sexan discriminadores, xen\u00f3fobos, racistas, pornogr\u00e1ficos, spamming, que atenten contra a xuventude ou a infancia, o orden ou a seguridade p\u00fablica ou que, a s\u00faa xu\u00edzo, non resultaran adecuados para a s\u00faa publicaci\u00f3n.<\/p>\n\n\n\n<p>En calquera caso, <strong>Administraci\u00f3n de Loter\u00edas n\u00ba7<\/strong> non ser\u00e1 responsable das opini\u00f3ns vertidas polos Usuarios a trav\u00e9s de comentarios u outras ferramentas de blogging ou de participaci\u00f3n que poida haber.<\/p>\n\n\n\n<p>O mero acceso a este Sitio Web non sup\u00f3n entabalar ning\u00fan tipo de relaci\u00f3n de car\u00e1cter comercial entre <strong>Administraci\u00f3n de Loter\u00edas n\u00ba7<\/strong> e o Usuario.<\/p>\n\n\n\n<p>O Usuario declara ser maior de idade e dispor da capacidade xur\u00eddica suficiente para vincularse polas presentes Condici\u00f3ns. Polo tanto, este Sitio Web de <strong>Administraci\u00f3n de Loter\u00edas n\u00ba7<\/strong> non se dirixe a menores de idade. <strong>Administraci\u00f3n de Loter\u00edas n\u00ba7<\/strong> declina calquera responsabilidade pola infracci\u00f3n desta condici\u00f3n.<\/p>\n\n\n\n<p>O Sitio Web est\u00e1 dirixido principalmente a Usuarios residentes en Espa\u00f1a. <strong>Administraci\u00f3n de Loter\u00edas n\u00ba7<\/strong> non asegura que o Sitio Web cumpra con legislati\u00f3ns de outros pa\u00edses, ya sexa total ou parcialmente. Se o Usuario reside ou ten o seu domicilio en outro lugar e decide acceder e\/ou navegar no Sitio Web o far\u00e1 baixo a s\u00faa propia responsabilidade, dever\u00e1 asegurarse de que tal acceso e navegaci\u00f3n cumpra coa legislati\u00f3n local que lle \u00e9 aplicable, non asumindo <strong>Administraci\u00f3n de Loter\u00edas n\u00ba7<\/strong> responsabilidade alg\u00fana que se poida derivar desa acceso.<\/p>\n\n\n\n<h3 class=\"wp-block-heading\" id=\"iii-acceso-e-navegacion-do-sitio-web-exclusion-de-garantias-e-responsabilidade\">III. Acceso e navegaci\u00f3n do sitio web: Exclusi\u00f3n de garant\u00edas e responsabilidade<\/h3>\n\n\n\n<p><strong>Administraci\u00f3n de Loter\u00edas n\u00ba7<\/strong> non garantiza a continuidade, dispo\u00f1ibilidade e utilidade do Sitio Web, nin dos Contidos ou Servizos. <strong>Administraci\u00f3n de Loter\u00edas n\u00ba7<\/strong> far\u00e1 todo lo posible polo bo funcionamento do Sitio Web, sen\u00f3n, non se responsabiliza nin garantiza que o acceso a este Sitio Web sexa ininterrumpido ou que estea libre de erro.<\/p>\n\n\n\n<p>Tam\u00e9n non se responsabiliza nin garantiza que o contido ou software ao que poida accederse a trav\u00e9s deste Sitio Web, estean libres de erro ou cause un dano ao sistema inform\u00e1tico (software e hardware) do Usuario. En ning\u00fan caso <strong>Administraci\u00f3n de Loter\u00edas n\u00ba7<\/strong> ser\u00e1 responsable polas perdidas, danos ou perxuizos de calquera tipo que surxan polo acceso, navegaci\u00f3n e o uso do Sitio Web, inclu\u00edndose, pero non limit\u00e1ndose a, os ocasionados aos sistemas inform\u00e1ticos ou os provocados pola introduci\u00f3n de virus.<\/p>\n\n\n\n<p><strong>Administraci\u00f3n de Loter\u00edas n\u00ba7<\/strong> tam\u00e9n non se fai responsable dos danos que poidan ocasionarse aos usuarios por un uso inadecuado deste Sitio Web. En particular, non se fai responsable en modo alguno das ca\u00eddas, interrupci\u00f3ns, falta ou defecto das telecomunicaci\u00f3ns que poidan ocorrer.<\/p>\n\n\n\n<h3 class=\"wp-block-heading\" id=\"iv-politica-de-enlaces\">IV. Pol\u00edtica de Enlaces<\/h3>\n\n\n\n<p>Informa-se que o Sitio Web de <strong>Administraci\u00f3n de Loter\u00edas n\u00ba7<\/strong> pon ou pode poner a disposici\u00f3n dos Usuarios medios de enlace (como, entre outros, links, banners, bot\u00f3ns), directorios e motores de busca que permiten aos Usuarios acceder a sitios web pertencentes e\/ou xestionados por terceiros.<\/p>\n\n\n\n<p>A instalaci\u00f3n destes enlaces, directorios e motores de busca no Sitio Web ten por obxecto facilitar aos Usuarios a busca de e acceso a informaci\u00f3n dispo\u00f1ible en Internet, sen que poida considerarse unha sugerencia, recomendaci\u00f3n ou invitaci\u00f3n para a visita deles.<\/p>\n\n\n\n<p><strong>Administraci\u00f3n de Loter\u00edas n\u00ba7<\/strong> non ofrece nin comercializa por s\u00ed nin por medio de terceiros os produtos e\/ou servizos dispo\u00f1ibles nesses sitios enlazados.<\/p>\n\n\n\n<p>Asimismo, tampouco garantizar\u00e1 a dispo\u00f1ibilidade t\u00e9cnica, exactitude, veracidade, validez ou legalidade de sitios a xenos \u00e1 s\u00faa propiedade aos que se poida acceder por medio dos enlaces.<\/p>\n\n\n\n<p><strong>Administraci\u00f3n de Loter\u00edas n\u00ba7<\/strong> en ning\u00fan caso revisar\u00e1 ou controlar\u00e1 o contido de outros sitios web, as\u00ed como tampouco aprobar\u00e1, examinar\u00e1 nin far\u00e1 propios os produtos e servizos, contidos, arquivos e calquera outro material existente nos referidos sitios enlazados.<\/p>\n\n\n\n<p><strong>Administraci\u00f3n de Loter\u00edas n\u00ba7<\/strong> non asume calquera responsabilidade polos danos e perxuizos que poidan producirse polo acceso, uso, calidade ou legalidade dos contidos, comunicaci\u00f3ns, opini\u00f3ns, produtos e servizos dos sitios web non xestionados por <strong>Administraci\u00f3n de Loter\u00edas n\u00ba7<\/strong> e que sexan enlazados neste Sitio Web.<\/p>\n\n\n\n<p>O Usuario ou terceiro que realice un hiperv\u00ednculo dende unha p\u00e1xina web de outro, distinto, sitio web ao Sitio Web de <strong>Administraci\u00f3n de Loter\u00edas n\u00ba7<\/strong> deber\u00e1 saber que:<\/p>\n\n\n\n<ul class=\"wp-block-list\">\n<li>Non se permite a reproduci\u00f3n \u2014total ou parcialmente\u2014 de ningunha dos Contidos e\/ou Servizos do Sitio Web sen autorizaci\u00f3n expresa de <strong>Administraci\u00f3n de Loter\u00edas n\u00ba7<\/strong>.<\/li>\n\n\n\n<li>Non se permite nin unha manifestaci\u00f3n falsa, inexacta ou incorrecta sobre o Sitio Web de <strong>Administraci\u00f3n de Loter\u00edas n\u00ba7<\/strong>, nin sobre os Contidos e\/ou Servizos do mesmo.<\/li>\n\n\n\n<li>A excepci\u00f3n do hiperv\u00ednculo, o sitio web no que se estableza dicho hiperenlace non conter\u00e1 ning\u00fan elemento, deste Sitio Web, protexido como propiedade intelectual polo ordenamento xur\u00eddico espa\u00f1ol, salvo autorizaci\u00f3n expresa de <strong>Administraci\u00f3n de Loter\u00edas n\u00ba7<\/strong>.<\/li>\n\n\n\n<li>O establecemento do hiperv\u00edncule non implica a existencia de relaci\u00f3ns entre <strong>Administraci\u00f3n de Loter\u00edas n\u00ba7<\/strong> e o titular do sitio web desde o que se realice, nin o co\u00f1ecemento e aceptaci\u00f3n de <strong>Administraci\u00f3n de Loter\u00edas n\u00ba7<\/strong> dos contidos, servizos e\/ou actividades ofrecidas nese sitio web, e viceversa.<\/li>\n<\/ul>\n\n\n\n<h3 class=\"wp-block-heading\" id=\"v-propiedade-intelectual-e-industrial\">V. Propiedade Intelectual e Industrial<\/h3>\n\n\n\n<p><strong>Administraci\u00f3n de Loter\u00edas n\u00ba7<\/strong> por s\u00ed ou como parte cedente, \u00e9 titular de todos os dereitos de propiedade intelectual e industrial do Sitio Web, as\u00ed como dos elementos contidos no mesmo (a t\u00edtulo enunciativo e non exhaustivo, imaxes, son, audio, v\u00eddeo, software ou textos, marcas ou logotipos, combinaci\u00f3ns de cores, estrutura e dese\u00f1o, selecci\u00f3n de materiais usados, programas de ordenador necesarios para o seu funcionamento, acceso e uso, etc.). Ser\u00e1n, polo tanto, obras protexidas como propiedade intelectual polo ordenamento xur\u00eddico espa\u00f1ol, si\u00e9ndoles aplicables tanto a normativa espa\u00f1ola e comunitaria neste campo, como os tratados internacionais relativos \u00e1 materia e suscritos por Espa\u00f1a.<\/p>\n\n\n\n<p>Todos os dereitos reservados. En virtude do disposto na Lei de Propiedade Intelectual, quedan expresamente prohibidas a reproducci\u00f3n, a distribuci\u00f3n e a comunicaci\u00f3n p\u00fablica, inclu\u00edda a s\u00faa modalidade de puesta a disposici\u00f3n, da totalidade ou parte dos contidos desta p\u00e1xina web, con fines comerciais, en calquera soporte e por calquera medio t\u00e9cnico, sen a autorizaci\u00f3n de <strong>Administraci\u00f3n de Loter\u00edas n\u00ba7<\/strong>.<\/p>\n\n\n\n<p>O Usuario comprom\u00e9tese a respetar os dereitos de propiedade intelectual e industrial de <strong>Administraci\u00f3n de Loter\u00edas n\u00ba7<\/strong>. Podr\u00e1 visualizar os elementos do Sitio Web ou incluso imprimilos, copi\u00e1los e almacenarlos no disco duro do seu ordenador ou en calquera outro soporte f\u00edsico sempre e quando sexa, exclusivamente, para o seu uso persoal. O Usuario, sin\u00f3n, non poder\u00e1 suprimir, alterar, ou manipular ning\u00fan dispositivo de protecci\u00f3n ou sistema de seguridade que estivese instalado no Sitio Web.<\/p>\n\n\n\n<p>En caso de que o Usuario ou terceiro considere que calquera dos Contidos do Sitio Web sup\u00f3n unha violaci\u00f3n dos dereitos de protecci\u00f3n da propiedade intelectual, debe comunic\u00e1lo inmediatamente a <strong>Administraci\u00f3n de Loter\u00edas n\u00ba7<\/strong> a trav\u00e9s dos datos de contacto do apartado de INFORMACI\u00d3N XERAL deste Aviso Legal e Condici\u00f3ns Xerais de Uso.<\/p>\n\n\n\n<h3 class=\"wp-block-heading\" id=\"vi-accions-xuridicas-legislacion-aplicada-e-xurisdicion\">VI. Acci\u00f3ns Xur\u00eddicas, Legislaci\u00f3n Aplicada e Xurisdici\u00f3n<\/h3>\n\n\n\n<p><strong>Administraci\u00f3n de Loter\u00edas n\u00ba7<\/strong> reserva a facultade de presentar as acci\u00f3ns civ\u00eds ou penais que considere necesarias pola utilizaci\u00f3n indebida do Sitio Web e Contidos, ou polo incumplimento das presentes Condici\u00f3ns.<\/p>\n\n\n\n<p>A relaci\u00f3n entre o Usuario e <strong>Administraci\u00f3n de Loter\u00edas n\u00ba7<\/strong> reg\u00fallase pola normativa vigente e de aplicaci\u00f3n no territorio espa\u00f1ol. De surgir calquera controversia en relaci\u00f3n coa interpretaci\u00f3n e\/ou \u00e1 aplicaci\u00f3n destas Condici\u00f3ns as partes someter\u00e1n os seus conflictos \u00e1 xurisdici\u00f3n ordinaria somet\u00e9ndose aos xuzgados e tribunais que correspondan conforme a dereito.<\/p>","protected":false},"excerpt":{"rendered":"<p>I. Informaci\u00f3n xeral En cumprimento co deber de informaci\u00f3n disposto na Lei 34\/2002 de Servizos da Sociedade da Informaci\u00f3n e o Comercio Electr\u00f3nico (LSSI-CE) de 11 de xullo, se facilitan a continuaci\u00f3n os seguintes datos de informaci\u00f3n xeral deste sitio web: A titularidade deste sitio web, loteriasantiago.com, (en adiante, Sitio Web) a ostenta: Mateo Dom\u00ednguez [&hellip;]<\/p>","protected":false},"author":1,"featured_media":0,"parent":0,"menu_order":0,"comment_status":"closed","ping_status":"closed","template":"","meta":{"_seopress_robots_primary_cat":"","_seopress_titles_title":"","_seopress_titles_desc":"","_seopress_robots_index":"","_gspb_post_css":"","_joinchat":[],"footnotes":""},"class_list":["post-717","page","type-page","status-publish","hentry"],"blocksy_meta":[],"_links":{"self":[{"href":"https:\/\/loteriasantiago.com\/es\/wp-json\/wp\/v2\/pages\/717","targetHints":{"allow":["GET"]}}],"collection":[{"href":"https:\/\/loteriasantiago.com\/es\/wp-json\/wp\/v2\/pages"}],"about":[{"href":"https:\/\/loteriasantiago.com\/es\/wp-json\/wp\/v2\/types\/page"}],"author":[{"embeddable":true,"href":"https:\/\/loteriasantiago.com\/es\/wp-json\/wp\/v2\/users\/1"}],"replies":[{"embeddable":true,"href":"https:\/\/loteriasantiago.com\/es\/wp-json\/wp\/v2\/comments?post=717"}],"version-history":[{"count":6,"href":"https:\/\/loteriasantiago.com\/es\/wp-json\/wp\/v2\/pages\/717\/revisions"}],"predecessor-version":[{"id":1335,"href":"https:\/\/loteriasantiago.com\/es\/wp-json\/wp\/v2\/pages\/717\/revisions\/1335"}],"wp:attachment":[{"href":"https:\/\/loteriasantiago.com\/es\/wp-json\/wp\/v2\/media?parent=717"}],"curies":[{"name":"wp","href":"https:\/\/api.w.org\/{rel}","templated":true}]}}