{"id":713,"date":"2025-02-18T15:17:53","date_gmt":"2025-02-18T15:17:53","guid":{"rendered":"https:\/\/loteriasantiago.com\/?page_id=713"},"modified":"2025-05-21T08:48:54","modified_gmt":"2025-05-21T07:48:54","slug":"politica-de-privacidade","status":"publish","type":"page","link":"https:\/\/loteriasantiago.com\/es\/politica-de-privacidade\/","title":{"rendered":"Pol\u00edtica de privacidad"},"content":{"rendered":"<h3 class=\"wp-block-heading\" id=\"i-politica-de-privacidade-e-proteccion-de-datos\">I. Pol\u00edtica de privacidade e protecci\u00f3n de datos<\/h3>\n\n\n\n<p>Respetando o estabelecido na legislaci\u00f3n vigente, Administraci\u00f3n de Loter\u00edas n\u00ba7 (a partir de agora, tam\u00e9n Sitio Web) comprom\u00e9tese a adoptar as medidas t\u00e9cnicas e organizativas necesarias, segundo o nivel de seguridade adecuado ao risco dos datos recollidos.<\/p>\n\n\n\n<h4 class=\"wp-block-heading\" id=\"leis-que-incorpora-esta-politica-de-privacidade\">Leis que incorpora esta pol\u00edtica de privacidade<\/h4>\n\n\n\n<p>Esta pol\u00edtica de privacidade est\u00e1 adaptada \u00e1 normativa espa\u00f1ola e europea vigente en materia de protecci\u00f3n de datos persoais na internet. En concreto, a mesma respeta as seguintes normas:<\/p>\n\n\n\n<ul class=\"wp-block-list\">\n<li>O Reglamento (UE) 2016\/679 do Parlamento Europeo e do Consello, de 27 de abril de 2016, relativo \u00e1 protecci\u00f3n das persoas f\u00edsicas en lo que respecta ao tratamento de datos persoais e \u00e1 libre circulaci\u00f3n destes datos (RGPD).<\/li>\n\n\n\n<li>A Lei Org\u00e1nica 3\/2018, de 5 de decembro, de Protecci\u00f3n de Datos Persoais e garant\u00eda dos dereitos digitais (LOPD-GDD).<\/li>\n\n\n\n<li>O Real Decreto 1720\/2007, de 21 de decembro, polo que se aproba o Reglamento de desenvolvemento da Lei Org\u00e1nica 15\/1999, de 13 de decembro, de Protecci\u00f3n de Datos de Car\u00e1cter Persoal (RDLOPD).<\/li>\n\n\n\n<li>A Lei 34\/2002, de 11 de xullo, de Servizos da Sociedade da Informaci\u00f3n e de Comercio Electr\u00f3nico (LSSI-CE).<\/li>\n<\/ul>\n\n\n\n<h4 class=\"wp-block-heading\" id=\"identidade-do-responsable-do-tratamento-de-datos-persoais\">Identidade do responsable do tratamento de datos persoais<\/h4>\n\n\n\n<p>O responsable do tratamento de datos persoais recollidos en Administraci\u00f3n de Loter\u00edas n\u00ba7 \u00e9: Mateo Dom\u00ednguez S\u00e1nchez, con NIF: 53483526Q (a partir de agora, Responsable do tratamento). Os seus datos de contacto son os seguintes:<\/p>\n\n\n\n<ul class=\"wp-block-list\">\n<li>Direcci\u00f3n: R\u00faa de Varsovia Local 18 D2 (Esquina roxa), 15707 Santiago de Compostela (A Coru\u00f1a)<\/li>\n\n\n\n<li>Tel\u00e9fono de contacto: 981 582 820<\/li>\n\n\n\n<li>Email de contacto: loteriasantiago7@gmail.com<\/li>\n<\/ul>\n\n\n\n<h4 class=\"wp-block-heading\" id=\"rexistro-de-datos-de-caracter-persoal\">Rexistro de Datos de Car\u00e1cter Persoal<\/h4>\n\n\n\n<p>En cumprimento do estabelecido no RGPD e na LOPD-GDD, inform\u00e1molo de que os datos persoais recabados por Administraci\u00f3n de Loter\u00edas n\u00ba7, mediante os formularios estendidos nas s\u00faas p\u00e1xinas, quedar\u00e1n incorporados e ser\u00e1n tratados no noso fichero coa finalidade de poder facilitar, agilizar e cumprir os compromisos estabelecidos entre Administraci\u00f3n de Loter\u00edas n\u00ba7 e o Usuario ou o mantenemento da relaci\u00f3n que se estabeza nos formularios que este reche, ou para atender unha solicitude ou consulta do mesmo. Asimismo, de conformidade co previsto no RGPD e na LOPD-GDD, salvo que sexa de aplicaci\u00f3n a excepci\u00f3n prevista no artigo 30.5 do RGPD, mante\u00f1ense un rexistro de actividades de tratamento que especifica, segundo as s\u00faas finalidades, as actividades de tratamento levadas a cabo e as demais circunstancias estabelecidas no RGPD.<\/p>\n\n\n\n<h4 class=\"wp-block-heading\" id=\"principios-aplicables-ao-tratamento-de-datos-persoais\">Princ\u00edpios aplicables ao tratamento de datos persoais<\/h4>\n\n\n\n<p>O tratamento de datos persoais do Usuario submet\u00e9rase aos seguintes princ\u00edpios recollidos no artigo 5 do RGPD e no artigo 4 e seguintes da Lei Org\u00e1nica 3\/2018, de 5 de decembro, de Protecci\u00f3n de Datos Persoais e garant\u00eda dos dereitos digitais:<\/p>\n\n\n\n<ul class=\"wp-block-list\">\n<li><strong>Principio de licitude, lealdade e transparencia<\/strong>: requirese en todo momento o consentimento do Usuario previa informaci\u00f3n completamente transparente dos fins para os cales se recollen os datos persoais.<\/li>\n\n\n\n<li><strong>Principio de limitaci\u00f3n da finalidade<\/strong>: os datos persoais ser\u00e1n recollidos con fins determinados, expl\u00edcitos e leg\u00edtimos.<\/li>\n\n\n\n<li><strong>Principio de minimizaci\u00f3n de datos<\/strong>: os datos persoais recollidos ser\u00e1n \u00fanicamente os estritamente necesarios en relaci\u00f3n cos fins para os cales son tratados.<\/li>\n\n\n\n<li><strong>Principio de exactitude<\/strong>: os datos persoais deben ser exactos e estar sempre actualizados.<\/li>\n\n\n\n<li><strong>Principio de limitaci\u00f3n do prazo de conservaci\u00f3n<\/strong>: os datos persoais s\u00f3 ser\u00e1n mantidos de forma que se permita a identificaci\u00f3n do Usuario durante o tempo necesario para os fins do seu tratamento.<\/li>\n\n\n\n<li><strong>Principio de integridade e confidencialidade<\/strong>: os datos persoais ser\u00e1n tratados de maneira que se garanta a s\u00faa seguridade e confidencialidade.<\/li>\n\n\n\n<li><strong>Principio de responsabilidade proactiva<\/strong>: o Responsable do tratamento ser\u00e1 responsable de asegurar que os princ\u00edpios anteriores se cumplan.<\/li>\n<\/ul>\n\n\n\n<h4 class=\"wp-block-heading\" id=\"categorias-de-datos-persoais\">Categor\u00edas de datos persoais<\/h4>\n\n\n\n<p>As categor\u00edas de datos que se tratan en Administraci\u00f3n de Loter\u00edas n\u00ba7 son \u00fanicamente datos identificativos. En ning\u00fan caso, tr\u00e1tanse categor\u00edas especiais de datos persoais no sentido do artigo 9 do RGPD.<\/p>\n\n\n\n<h4 class=\"wp-block-heading\" id=\"base-legal-para-o-tratamento-de-datos-persoais\">Base legal para o tratamento de datos persoais<\/h4>\n\n\n\n<p>A base legal para o tratamento de datos persoais \u00e9 o consentimento. Administraci\u00f3n de Loter\u00edas n\u00ba7 comprom\u00e9tese a recabar o consentimento expreso e verificable do Usuario para o tratamento dos seus datos persoais para un ou varios fins espec\u00edficos.<br>O Usuario ter\u00e1 dereito a retirar o seu consentimento en calquera momento. Ser\u00e1 tan f\u00e1cil retirar o consentimento como d\u00e1-lo. Como regra xeral, a retirada do consentimento non condicionar\u00e1 o uso do Sitio Web.<br>Nas ocasi\u00f3ns en que o Usuario deba ou poida facilitar os seus datos a trav\u00e9s de formularios para realizar consultas, solicitar informaci\u00f3n ou por motivos relacionados co contido do Sitio Web, inform\u00e1molo en caso de que a cumplimentaci\u00f3n de alguno deles sexa obrigatorio debido a que os mesmos sexan imprescindibles para o correcto desenvolvemento da operaci\u00f3n realizada.<\/p>\n\n\n\n<h4 class=\"wp-block-heading\" id=\"fins-do-tratamento-a-que-se-destinan-os-datos-persoais\">Fins do tratamento a que se destinan os datos persoais<\/h4>\n\n\n\n<p>Os datos persoais son recabados e xestionados por Administraci\u00f3n de Loter\u00edas n\u00ba7 coa finalidade de poder facilitar, agilizar e cumprir os compromisos estabelecidos entre o Sitio Web e o Usuario ou o mantenemento da relaci\u00f3n que se estabeza nos formularios que este reche ou para atender unha solicitude ou consulta.<br>Igualmente, os datos poder\u00e1n ser utilizados con unha finalidade comercial de personalizaci\u00f3n, operativa e estad\u00edstica, e actividades propias do obxecto social de Administraci\u00f3n de Loter\u00edas n\u00ba7, as\u00ed como para a extracci\u00f3n, almacenamento de datos e estudios de mercado para adecuar o Contido ofertado ao Usuario, as\u00ed como mellorar a calidade, funcionamento e navegaci\u00f3n polo Sitio Web.<br>No momento en que se obtengan os datos persoais, inform\u00e1molo ao Usuario acerca do fin ou fins espec\u00edficos do tratamento a que se destinen os datos persoais; isto \u00e9, do uso ou usos que se dar\u00e1 \u00e1 informaci\u00f3n recopilada.<\/p>\n\n\n\n<h4 class=\"wp-block-heading\" id=\"periodos-de-retencion-de-datos-persoais\">Per\u00edodos de retenci\u00f3n de datos persoais<\/h4>\n\n\n\n<p>Os datos persoais s\u00f3 ser\u00e1n retenidos durante o tempo m\u00ednimo necesario para os fins do seu tratamento e, en todo caso, \u00fanicamente durante o seguinte prazo: 18 meses, ou ata que o Usuario solicite a s\u00faa supresi\u00f3n.<br>No momento en que se obtengan os datos persoais, inform\u00e1molo ao Usuario acerca do prazo durante o cual se conservar\u00e1n os datos persoais ou, cando iso non sexa posible, os criterios utilizados para determinar este prazo.<\/p>\n\n\n\n<h4 class=\"wp-block-heading\" id=\"destinatarios-de-datos-persoais\">Destinatarios de datos persoais<\/h4>\n\n\n\n<p>En caso de que o Responsable do tratamento te\u00f1a a intenci\u00f3n de transferir datos persoais a un terceiro pa\u00eds ou organizaci\u00f3n internacional, no momento en que se obtengan os datos persoais, inform\u00e1molo ao Usuario acerca do terceiro pa\u00eds ou organizaci\u00f3n internacional ao que se ten a intenci\u00f3n de transferir os datos, as\u00ed como da existencia ou ausencia dunha decisi\u00f3n de adecuaci\u00f3n da Comisi\u00f3n.<\/p>\n\n\n\n<h4 class=\"wp-block-heading\" id=\"datos-persoais-de-menores-de-idade\">Datos persoais de menores de idade<\/h4>\n\n\n\n<p>Respetando o estabelecido nos artigos 8 do RGPD e 7 da Lei Org\u00e1nica 3\/2018, de 5 de decembro, de Protecci\u00f3n de Datos Persoais e garant\u00eda dos dereitos digitais, s\u00f3 os maiores de 14 anos poder\u00e1n otorgar o seu consentimento para o tratamento dos seus datos persoais de forma l\u00edcita por Administraci\u00f3n de Loter\u00edas n\u00ba7. Se for un menor de 14 anos, ser\u00e1 necesario o consentimento dos pais ou tutores para o tratamento, e este s\u00f3 se considerar\u00e1 l\u00edcito na medida en que os mesmos o autorizaron.<\/p>\n\n\n\n<h4 class=\"wp-block-heading\" id=\"secreto-e-seguridade-de-datos-persoais\">Secreto e seguridade de datos persoais<\/h4>\n\n\n\n<p>Administraci\u00f3n de Loter\u00edas n\u00ba7 comprom\u00e9tese a adoptar as medidas t\u00e9cnicas e organizativas necesarias, segundo o nivel de seguridade adecuado ao risco dos datos recollidos, de forma que se garanta a seguridade de datos de car\u00e1cter persoal e se evite a destruci\u00f3n, perda ou alteraci\u00f3n accidental ou il\u00edcita de datos persoais transmitidos, conservados ou tratados de outra forma, ou a comunicaci\u00f3n ou acceso non autorizados a dichos datos.<br>O Sitio Web conta con un certificado SSL (Secure Socket Layer), que asegura que os datos persoais se transmiten de forma segura e confidencial, ao ser a transmisi\u00f3n de datos entre o servidor e o Usuario, e en retroalimentaci\u00f3n, totalmente cifrada ou encriptada.<br>Sin embargo, debido a que Administraci\u00f3n de Loter\u00edas n\u00ba7 non pode garantir a inexpugnabilidade de internet nin a ausencia total de hackers u outros que accedan de modo fraudulento aos datos persoais, o Responsable do tratamento comprom\u00e9tese a comunicar ao Usuario sen dilaci\u00f3n indebida cando ocorra unha violaci\u00f3n da seguridade dos datos persoais que sexa probable que entra\u00f1e un alto risco para os dereitos e liberdades das persoas f\u00edsicas. Siguindo o estabelecido no artigo 4 do RGPD, entende-se por violaci\u00f3n da seguridade dos datos persoais toda violaci\u00f3n da seguridade que ocasione a destruci\u00f3n, perda ou alteraci\u00f3n accidental ou il\u00edcita de datos persoais transmitidos, conservados ou tratados de outra forma, ou a comunicaci\u00f3n ou acceso non autorizados a dichos datos.<br>Os datos persoais ser\u00e1n tratados como confidenciais polo Responsable do tratamento, que se comprom\u00e9te a informar de e a garantir pola v\u00eda dunha obligaci\u00f3n legal ou contratual que dicha confidencialidade sexa respetada polos seus empregados, asociados, e toda persoa a que lle faga accesible a informaci\u00f3n.<\/p>\n\n\n\n<h4 class=\"wp-block-heading\" id=\"dereitos-derivados-do-tratamento-de-datos-persoais\">Dereitos derivados do tratamento de datos persoais<\/h4>\n\n\n\n<p>O Usuario ten sobre Administraci\u00f3n de Loter\u00edas n\u00ba7 e poder\u00e1, polo tanto, exercer frente ao Responsable do tratamento os seguintes dereitos reconhecidos no RGPD e na Lei Org\u00e1nica 3\/2018, de 5 de decembro, de Protecci\u00f3n de Datos Persoais e garant\u00eda dos dereitos digitais:<\/p>\n\n\n\n<ul class=\"wp-block-list\">\n<li><strong>Dereito de acceso<\/strong>: \u00c9 o dereito do Usuario a obter confirmaci\u00f3n de se Administraci\u00f3n de Loter\u00edas n\u00ba7 est\u00e1 tratando ou non os seus datos persoais e, en caso afirmativo, obter informaci\u00f3n sobre os seus datos concretos de car\u00e1cter persoal e do tratamento que Administraci\u00f3n de Loter\u00edas n\u00ba7 haiya realizado ou realize, as\u00ed como, entre outra, da informaci\u00f3n dispo\u00f1ible sobre o orixe destes datos e os destinatarios das comunicaci\u00f3ns realizadas ou previstas dos mesmos.<\/li>\n\n\n\n<li><strong>Dereito de rectificaci\u00f3n<\/strong>: \u00c9 o dereito do Usuario a que se modifiquen os seus datos persoais que resulten ser inexactos ou, tendo en conta os fins do tratamento, incompletos.<\/li>\n\n\n\n<li><strong>Dereito de supresi\u00f3n (&#8220;o dereito ao olvido&#8221;)<\/strong>: \u00c9 o dereito do Usuario, sempre que a legisla\u00e7\u00e3o vigente non estableza lo contrario, a obter a supresi\u00f3n dos seus datos persoais cando estes xa non sexan necesarios para os fins para os cales foron recollidos ou tratados; o Usuario haiya retirado o seu consentimento ao tratamento e este non conte con outra base legal; o Usuario se opo\u00f1a ao tratamento e non exista outro motivo legal para continuar co mesmo; os datos persoais foron tratados il\u00edcitamente; os datos persoais deban suprimirse en cumprimento dunha obrigaci\u00f3n legal; ou os datos persoais foron obtidos produto dunha oferta directa de servizos da sociedade da informaci\u00f3n a un menor de 14 anos. Ademais de suprimir os datos, o Responsable do tratamento, tendo en conta a tecnolox\u00eda dispo\u00f1ible e o custo da s\u00faa aplicaci\u00f3n, deber\u00e1 adoptar medidas razonables para informar aos responsables que estean tratando os datos persoais da solicitude do interesado de supresi\u00f3n de calquera enlace a estes datos persoais.<\/li>\n\n\n\n<li><strong>Dereito a limitaci\u00f3n do tratamento<\/strong>: \u00c9 o dereito do Usuario a limitar o tratamento dos seus datos persoais. O Usuario ten dereito a obter a limitaci\u00f3n do tratamento cando impugne a exactitude dos seus datos persoais; o tratamento sexa il\u00edcito; o Responsable do tratamento xa non necesite os datos persoais, pero o Usuario o necesite para facer reclamaci\u00f3ns; e cando o Usuario se opo\u00f1a ao tratamento.<\/li>\n\n\n\n<li><strong>Dereito a portabilidade dos datos<\/strong>: No caso de que o tratamento se efect\u00fae por medios automatizados, o Usuario ter\u00e1 dereito a recibir do Responsable do tratamento os seus datos persoais nun formato estruturado, de uso com\u00fan e lectura mec\u00e1nica, e a transmitilos a outro responsable do tratamento. Sempre que sexa tecnicamente posible, o Responsable do tratamento transmitir\u00e1 directamente os datos a ese outro responsable.<\/li>\n\n\n\n<li><strong>Dereito de oposici\u00f3n<\/strong>: \u00c9 o dereito do Usuario a que non se leve a cabo o tratamento dos seus datos de car\u00e1cter persoal ou se cese o tratamento dos mesmos por parte de Administraci\u00f3n de Loter\u00edas n\u00ba7.<\/li>\n\n\n\n<li><strong>Dereito a non ser obxeto dunha decisi\u00f3n baseada \u00fanicamente no tratamento automatizado, inclu\u00edda a elaboraci\u00f3n de perfiles<\/strong>: \u00c9 o dereito do Usuario a non ser obxeto dunha decisi\u00f3n individualizada baseada \u00fanicamente no tratamento automatizado dos seus datos persoais, inclu\u00edda a elaboraci\u00f3n de perfiles, existente salvo que a legisla\u00e7\u00e3o vigente estableza lo contrario.<\/li>\n<\/ul>\n\n\n\n<p>As\u00ed pois, o Usuario poder\u00e1 exercitar os seus dereitos mediante comunicaci\u00f3n escrita dirixida ao Responsable do tratamento con a referencia &#8220;RGPD-loteriasantiago.com&#8221;, especificando:<\/p>\n\n\n\n<ul class=\"wp-block-list\">\n<li>Nome, apelidos do Usuario e copia do DNI. Nos casos en que se admita a representaci\u00f3n, ser\u00e1 tam\u00e9n necesaria a identificaci\u00f3n polo mesmo medio da persoa que representa ao Usuario, as\u00ed como o documento acreditativo da representaci\u00f3n. A fotocopia do DNI poder\u00e1 ser substitu\u00edda, por calquera outro medio v\u00e1lido en dereito que acredite a identidade.<\/li>\n\n\n\n<li>Petici\u00f3n coas raz\u00f3ns espec\u00edficas da solicitude ou informaci\u00f3n a que se quere acceder.<\/li>\n\n\n\n<li>Domicilio a efecto de notificaci\u00f3ns.<\/li>\n\n\n\n<li>Data e s\u00ednatura do solicitante.<\/li>\n\n\n\n<li>Todo documento que acredite a petici\u00f3n que formula.<\/li>\n<\/ul>\n\n\n\n<p>Esta solicitude e todo outro documento adjunto poder\u00e1 enviarse \u00e1 seguinte direcci\u00f3n e\/ou correo electr\u00f3nico:<\/p>\n\n\n\n<ul class=\"wp-block-list\">\n<li>Direcci\u00f3n postal: R\u00faa de Varsovia Local 18 D2 (Esquina roxa), 15707 Santiago de Compostela (A Coru\u00f1a)<\/li>\n\n\n\n<li>Correo electr\u00f3nico: loteriasantiago7@gmail.com<\/li>\n<\/ul>\n\n\n\n<h4 class=\"wp-block-heading\" id=\"enlaces-a-sitios-web-de-terceiros\">Enlaces a sitios web de terceiros<\/h4>\n\n\n\n<p>O Sitio Web pode inclu\u00edr hiperv\u00ednculos ou enlaces que permiten acceder a p\u00e1xinas web de terceiros distintos de Administraci\u00f3n de Loter\u00edas n\u00ba7, e que por tanto non son operados por Administraci\u00f3n de Loter\u00edas n\u00ba7. Os titulares destes sitios web disposingan das s\u00faas propias pol\u00edticas de protecci\u00f3n de datos, sendo eles mesmos, en cada caso, responsables dos seus propios ficheros e das s\u00faas propias pr\u00e1cticas de privacidade.<\/p>\n\n\n\n<h4 class=\"wp-block-heading\" id=\"reclamacions-ante-a-autoridade-de-control\">Reclamaci\u00f3ns ante a autoridade de control<\/h4>\n\n\n\n<p>En caso de que o Usuario considere que existe un problema ou infracci\u00f3n da normativa vigente na forma en que se est\u00e1n tratando os seus datos persoais, ter\u00e1 dereito \u00e1 tutela xudicial efectiva e a presentar unha reclamaci\u00f3n ante unha autoridade de control, en particular, no Estado no que te\u00f1a a s\u00faa residencia habitual, lugar de traballo ou lugar da suposta infracci\u00f3n. No caso de Espa\u00f1a, a autoridade de control \u00e9 a Axencia Espa\u00f1ola de Protecci\u00f3n de Datos (https:\/\/www.aepd.es\/).<\/p>\n\n\n\n<h3 class=\"wp-block-heading\" id=\"ii-aceptacion-e-cambios-nesta-politica-de-privacidade\">II. Aceptaci\u00f3n e cambios nesta pol\u00edtica de privacidade<\/h3>\n\n\n\n<p>\u00c9 necesario que o Usuario haiya lido e estea conforme coas condici\u00f3ns sobre a protecci\u00f3n de datos de car\u00e1cter persoal contidas nesta Pol\u00edtica de Privacidade, as\u00ed como que aceite o tratamento dos seus datos persoais para que o Responsable do tratamento poida proceder ao mesmo na forma, durante os prazos e para as finalidades indicadas. O uso do Sitio Web implicar\u00e1 a aceptaci\u00f3n da Pol\u00edtica de Privacidade do mesmo.<br>Administraci\u00f3n de Loter\u00edas n\u00ba7 reserva o dereito a modificar a s\u00faa Pol\u00edtica de Privacidade, de acordo co seu propio criterio, ou motivado por un cambio legislativo, xurisdicional ou doutrinal da Axencia Espa\u00f1ola de Protecci\u00f3n de Datos. Os cambios ou actualizaci\u00f3ns desta Pol\u00edtica de Privacidade non ser\u00e1n notificados de forma expl\u00edcita ao Usuario. Recom\u00e9ndase ao Usuario consultar esta p\u00e1xina de forma peri\u00f3dica para estar ao tanto dos \u00faltimos cambios ou actualizaci\u00f3ns.<br>Esta Pol\u00edtica de Privacidade foi actualizada para adaptarse ao Reglamento (UE) 2016\/679 do Parlamento Europeo e do Consello, de 27 de abril de 2016, relativo \u00e1 protecci\u00f3n das persoas f\u00edsicas en lo que respecta ao tratamento de datos persoais e \u00e1 libre circulaci\u00f3n destes datos (RGPD) e \u00e1 Lei Org\u00e1nica 3\/2018, de 5 de decembro, de Protecci\u00f3n de Datos Persoais e garant\u00eda dos dereitos digitais.<\/p>","protected":false},"excerpt":{"rendered":"<p>I. Pol\u00edtica de privacidade e protecci\u00f3n de datos Respetando o estabelecido na legislaci\u00f3n vigente, Administraci\u00f3n de Loter\u00edas n\u00ba7 (a partir de agora, tam\u00e9n Sitio Web) comprom\u00e9tese a adoptar as medidas t\u00e9cnicas e organizativas necesarias, segundo o nivel de seguridade adecuado ao risco dos datos recollidos. Leis que incorpora esta pol\u00edtica de privacidade Esta pol\u00edtica de [&hellip;]<\/p>","protected":false},"author":1,"featured_media":0,"parent":0,"menu_order":0,"comment_status":"closed","ping_status":"closed","template":"","meta":{"_seopress_robots_primary_cat":"","_seopress_titles_title":"","_seopress_titles_desc":"","_seopress_robots_index":"","_gspb_post_css":"","_joinchat":[],"footnotes":""},"class_list":["post-713","page","type-page","status-publish","hentry"],"blocksy_meta":[],"_links":{"self":[{"href":"https:\/\/loteriasantiago.com\/es\/wp-json\/wp\/v2\/pages\/713","targetHints":{"allow":["GET"]}}],"collection":[{"href":"https:\/\/loteriasantiago.com\/es\/wp-json\/wp\/v2\/pages"}],"about":[{"href":"https:\/\/loteriasantiago.com\/es\/wp-json\/wp\/v2\/types\/page"}],"author":[{"embeddable":true,"href":"https:\/\/loteriasantiago.com\/es\/wp-json\/wp\/v2\/users\/1"}],"replies":[{"embeddable":true,"href":"https:\/\/loteriasantiago.com\/es\/wp-json\/wp\/v2\/comments?post=713"}],"version-history":[{"count":6,"href":"https:\/\/loteriasantiago.com\/es\/wp-json\/wp\/v2\/pages\/713\/revisions"}],"predecessor-version":[{"id":1333,"href":"https:\/\/loteriasantiago.com\/es\/wp-json\/wp\/v2\/pages\/713\/revisions\/1333"}],"wp:attachment":[{"href":"https:\/\/loteriasantiago.com\/es\/wp-json\/wp\/v2\/media?parent=713"}],"curies":[{"name":"wp","href":"https:\/\/api.w.org\/{rel}","templated":true}]}}