{"id":1345,"date":"2025-05-27T10:34:52","date_gmt":"2025-05-27T09:34:52","guid":{"rendered":"https:\/\/loteriasantiago.com\/?page_id=1345"},"modified":"2025-05-27T10:43:07","modified_gmt":"2025-05-27T09:43:07","slug":"xoga-con-nos-2","status":"publish","type":"page","link":"https:\/\/loteriasantiago.com\/es\/xoga-con-nos-2\/","title":{"rendered":"Juega con nosotros"},"content":{"rendered":"<section class=\"wp-block-greenshift-blocks-row alignfull gspb_row gspb_row-id-gspb-XaWnPdATRLeDQonvzaHDF\" id=\"gspb_row-id-gspb-XaWnPdATRLeDQonvzaHDF\"><div class=\"gspb_row__content\"> \n<div class=\"wp-block-greenshift-blocks-row-column gspb_row__col--6 gspb_row__col--md-12 gspb_col-id-gspb-vP1ToBr3kTjeq8NGCGpQG\" id=\"gspb_col-id-gspb-vP1ToBr3kTjeq8NGCGpQG\">\n<div>\n<h1 id=\"gspb_heading-id-gsbp-5141686\" class=\"gspb_heading gspb_heading-id-gsbp-5141686\">Juega con nosotros<\/h1>\n\n\n\n<div id=\"gspb_text-id-gspb-Xfg7stFocLGvB9ZD9zBOL\" class=\"gspb_text gspb_text-id-gspb-Xfg7stFocLGvB9ZD9zBOL\">Desde Loter\u00eda Santiago te ofrecemos una experiencia \u00fanica para jugar a la loter\u00eda de forma sencilla. Reg\u00edstrate ahora en TuLotero a trav\u00e9s de nuestro enlace y recibe 1\u20ac gratis para empezar a jugar.<\/div>\n<\/div>\n\n\n\n<div class=\"wp-block-greenshift-blocks-container gspb_container gspb_container-gsbp-c33c5ac\" id=\"gspb_container-id-gsbp-c33c5ac\">\n<div class=\"wp-block-greenshift-blocks-container gspb_container gspb_container-gsbp-f36b941\" id=\"gspb_container-id-gsbp-f36b941\">\n<div class=\"wp-block-greenshift-blocks-iconbox gspb_iconBox gspb_iconBox-id-gsbp-e0bd06f\" id=\"gspb_iconBox-id-gsbp-e0bd06f\"><div class=\"gspb_iconBox__wrapper\" style=\"display:inline-flex\"><svg class=\"\" style=\"display:inline-block;vertical-align:middle\" width=\"72\" height=\"72\" viewbox=\"0 0 1024 1024\" xmlns=\"http:\/\/www.w3.org\/2000\/svg\"><path style=\"fill:#565D66\" d=\"M1008 512c0 273.934-222.066 496-496 496s-496-222.066-496-496 222.066-496 496-496 496 222.066 496 496zM454.628 774.628l368-368c12.496-12.496 12.496-32.758 0-45.254l-45.254-45.254c-12.496-12.498-32.758-12.498-45.256 0l-300.118 300.116-140.118-140.118c-12.496-12.496-32.758-12.496-45.256 0l-45.254 45.254c-12.496 12.496-12.496 32.758 0 45.254l208 208c12.498 12.498 32.758 12.498 45.256 0.002z\"><\/path><\/svg><\/div><\/div>\n\n\n\n<div id=\"gspb_text-id-gsbp-0989a95\" class=\"gspb_text gspb_text-id-gsbp-0989a95\">Recompensas instant\u00e1neas sin comisi\u00f3n<\/div>\n<\/div>\n\n\n\n<div class=\"wp-block-greenshift-blocks-container gspb_container gspb_container-gsbp-d66879e\" id=\"gspb_container-id-gsbp-d66879e\">\n<div class=\"wp-block-greenshift-blocks-iconbox gspb_iconBox gspb_iconBox-id-gsbp-4877dac\" id=\"gspb_iconBox-id-gsbp-4877dac\"><div class=\"gspb_iconBox__wrapper\" style=\"display:inline-flex\"><svg class=\"\" style=\"display:inline-block;vertical-align:middle\" width=\"72\" height=\"72\" viewbox=\"0 0 1024 1024\" xmlns=\"http:\/\/www.w3.org\/2000\/svg\"><path style=\"fill:#565D66\" d=\"M1008 512c0 273.934-222.066 496-496 496s-496-222.066-496-496 222.066-496 496-496 496 222.066 496 496zM454.628 774.628l368-368c12.496-12.496 12.496-32.758 0-45.254l-45.254-45.254c-12.496-12.498-32.758-12.498-45.256 0l-300.118 300.116-140.118-140.118c-12.496-12.496-32.758-12.496-45.256 0l-45.254 45.254c-12.496 12.496-12.496 32.758 0 45.254l208 208c12.498 12.498 32.758 12.498 45.256 0.002z\"><\/path><\/svg><\/div><\/div>\n\n\n\n<div id=\"gspb_text-id-gsbp-3b81732\" class=\"gspb_text gspb_text-id-gsbp-3b81732\">Juega cuando y donde quieras<\/div>\n<\/div>\n\n\n\n<div class=\"wp-block-greenshift-blocks-container gspb_container gspb_container-gsbp-5df1214\" id=\"gspb_container-id-gsbp-5df1214\">\n<div class=\"wp-block-greenshift-blocks-iconbox gspb_iconBox gspb_iconBox-id-gsbp-3cc232f\" id=\"gspb_iconBox-id-gsbp-3cc232f\"><div class=\"gspb_iconBox__wrapper\" style=\"display:inline-flex\"><svg class=\"\" style=\"display:inline-block;vertical-align:middle\" width=\"72\" height=\"72\" viewbox=\"0 0 1024 1024\" xmlns=\"http:\/\/www.w3.org\/2000\/svg\"><path style=\"fill:#565D66\" d=\"M1008 512c0 273.934-222.066 496-496 496s-496-222.066-496-496 222.066-496 496-496 496 222.066 496 496zM454.628 774.628l368-368c12.496-12.496 12.496-32.758 0-45.254l-45.254-45.254c-12.496-12.498-32.758-12.498-45.256 0l-300.118 300.116-140.118-140.118c-12.496-12.496-32.758-12.496-45.256 0l-45.254 45.254c-12.496 12.496-12.496 32.758 0 45.254l208 208c12.498 12.498 32.758 12.498 45.256 0.002z\"><\/path><\/svg><\/div><\/div>\n\n\n\n<div id=\"gspb_text-id-gsbp-9a9b6ff\" class=\"gspb_text gspb_text-id-gsbp-9a9b6ff\">Suscr\u00edbete y no te pierdas ning\u00fan sorteo<\/div>\n<\/div>\n<\/div>\n<\/div>\n\n\n\n<div class=\"wp-block-greenshift-blocks-row-column gspb_row__col--6 gspb_row__col--md-12 gspb_col-id-gsbp-6eebcea\" id=\"gspb_col-id-gsbp-6eebcea\">\n<img decoding=\"async\" class=\"gsbp-dd7bd36\" src=\"https:\/\/loteriasantiago.com\/wp-content\/uploads\/2025\/05\/xogaconnnos.webp\" alt=\"\" width=\"1400\" height=\"788\" loading=\"lazy\"\/>\n<\/div>\n <\/div><\/section>\n\n\n\n<section class=\"gsbp-2816506\">\n<div class=\"gsbp-59a51f4\">\n<div class=\"gsbp-a8b3a50\">Reg\u00edstrate en Tu Lotero y consigue tu euro gratis ahora<\/div>\n\n\n\n<div class=\"gspb_button_wrapper gspb_button-id-gsbp-3821476\" id=\"gspb_button-id-gsbp-3821476\"><a class=\"wp-block-greenshift-blocks-buttonbox gspb-buttonbox wp-element-button\" href=\"https:\/\/web.tulotero.es\/usuario\/registro?codigo=compostela&amp;shortlink=b7d142c8&amp;pid=promotlEs&amp;af_click_lookback=7d&amp;source_caller=unknown\" target=\"_blank\" rel=\"noopener\"><span class=\"gspb-buttonbox-textwrap\"><span class=\"gspb-buttonbox-text\"><span class=\"gspb-buttonbox-title\">Accede a Tu Lotero<\/span><\/span><\/span><\/a><\/div>\n<\/div>\n<\/section>","protected":false},"excerpt":{"rendered":"","protected":false},"author":1,"featured_media":0,"parent":0,"menu_order":0,"comment_status":"closed","ping_status":"closed","template":"","meta":{"_seopress_robots_primary_cat":"","_seopress_titles_title":"","_seopress_titles_desc":"","_seopress_robots_index":"","_gspb_post_css":"#gspb_row-id-gspb-XaWnPdATRLeDQonvzaHDF{justify-content:space-between;margin-top:0;margin-bottom:0;display:flex;flex-wrap:wrap;align-content:flex-start;padding-top:20px;padding-bottom:50px;overflow:hidden}#gspb_row-id-gspb-XaWnPdATRLeDQonvzaHDF>.gspb_row__content{display:flex;margin:0 auto;width:100%;flex-wrap:wrap;max-width:1200px;align-items:flex-start;justify-content:flex-start}.gspb_row{position:relative}div[id^=gspb_col-id]{box-sizing:border-box;position:relative;padding:var(--gs-row-column-padding, 15px min(3vw, 20px))}@media (max-width:991.98px){#gspb_row-id-gspb-XaWnPdATRLeDQonvzaHDF{margin-top:0;margin-bottom:0}}#gspb_col-id-gspb-vP1ToBr3kTjeq8NGCGpQG.gspb_row__col--6{width:50%}@media (max-width:991.98px){#gspb_col-id-gspb-vP1ToBr3kTjeq8NGCGpQG.gspb_row__col--6{width:100%}}@media (max-width:575.98px){#gspb_col-id-gspb-vP1ToBr3kTjeq8NGCGpQG.gspb_row__col--6{width:100%}}@media (min-width:992px){body.gspb-bodyfront #gspb_col-id-gspb-vP1ToBr3kTjeq8NGCGpQG.gspb_row__col--6{width:calc(50% - 0px - 0px)}}.gspb_row #gspb_col-id-gspb-vP1ToBr3kTjeq8NGCGpQG.gspb_row__col--6{margin-top:0;padding-top:0}@media (max-width:991.98px){.gspb_row #gspb_col-id-gspb-vP1ToBr3kTjeq8NGCGpQG.gspb_row__col--6{margin-bottom:0;padding-bottom:0}}body #gspb_col-id-gspb-vP1ToBr3kTjeq8NGCGpQG.gspb_row__col--6{display:flex;flex-direction:column;justify-content:center;align-items:stretch;row-gap:0;column-gap:0}@media (max-width:991.98px){body #gspb_col-id-gspb-vP1ToBr3kTjeq8NGCGpQG.gspb_row__col--6{justify-content:flex-start}}@media (max-width:575.98px){body #gspb_col-id-gspb-vP1ToBr3kTjeq8NGCGpQG.gspb_row__col--6{flex-wrap:wrap}}#gspb_heading-id-gsbp-5141686{font-size:55px;line-height:1.1em}@media (max-width:575.98px){#gspb_heading-id-gsbp-5141686{font-size:35px}}#gspb_heading-id-gsbp-5141686{letter-spacing:-1px;margin-top:12px;margin-bottom:16px}.gspb_text-id-gspb-Xfg7stFocLGvB9ZD9zBOL{font-family:Inter,sans-serif;font-size:18px;line-height:32px;text-align:left!important;font-weight:400!important;margin-top:20px!important;margin-bottom:20px!important;max-width:425px}.gspb_text-id-gspb-Xfg7stFocLGvB9ZD9zBOL .gsap-g-line{text-align:left!important}.gspb_container-id-gsbp-c33c5ac,.gspb_container-id-gsbp-f36b941{flex-direction:column;box-sizing:border-box}#gspb_container-id-gsbp-5df1214.gspb_container>p:last-of-type,#gspb_container-id-gsbp-c33c5ac.gspb_container>p:last-of-type,#gspb_container-id-gsbp-d66879e.gspb_container>p:last-of-type,#gspb_container-id-gsbp-f36b941.gspb_container>p:last-of-type{margin-bottom:0}#gspb_container-id-gsbp-c33c5ac.gspb_container{position:relative;display:grid;grid-template-columns:repeat(1,minmax(0,1fr));row-gap:5px;column-gap:10px}@media (max-width:575.98px){#gspb_container-id-gsbp-c33c5ac.gspb_container{grid-template-columns:repeat(1,minmax(0,1fr))}}#gspb_container-id-gsbp-c33c5ac.gspb_container{font-size:15px;color:#1c263694}#gspb_container-id-gsbp-f36b941.gspb_container{position:relative;display:flex;flex-direction:row;align-items:center;row-gap:12px;column-gap:12px;margin-bottom:0}#gspb_iconBox-id-gsbp-e0bd06f svg{height:18px!important;width:18px!important;min-width:18px!important}#gspb_iconBox-id-gsbp-3cc232f,#gspb_iconBox-id-gsbp-4877dac,#gspb_iconBox-id-gsbp-e0bd06f{justify-content:center;display:flex}#gspb_iconBox-id-gsbp-e0bd06f svg,#gspb_iconBox-id-gsbp-e0bd06f svg path{fill:var(--wp--preset--color--palette-color-3, var(--theme-palette-color-3, #2980b9))!important}#gspb_iconBox-id-gsbp-e0bd06f svg{margin:0!important}.gspb_text-id-gsbp-0989a95{font-family:Inter,sans-serif;font-size:20px;font-weight:700!important;color:var(--wp--preset--color--palette-color-4, var(--theme-palette-color-4, #022436));margin-top:0!important}.gspb_container-id-gsbp-d66879e{flex-direction:column;box-sizing:border-box}#gspb_iconBox-id-gsbp-4877dac svg,#gspb_iconBox-id-gsbp-4877dac svg path{fill:var(--wp--preset--color--palette-color-3, var(--theme-palette-color-3, #2980b9))!important}.gspb_text-id-gsbp-3b81732{font-size:20px;font-weight:700!important;color:var(--wp--preset--color--palette-color-4, var(--theme-palette-color-4, #022436))}.gspb_container-id-gsbp-5df1214{flex-direction:column;box-sizing:border-box}#gspb_container-id-gsbp-5df1214.gspb_container,#gspb_container-id-gsbp-d66879e.gspb_container{position:relative;display:flex;flex-direction:row;align-items:center;row-gap:12px;column-gap:12px}#gspb_iconBox-id-gsbp-3cc232f svg,#gspb_iconBox-id-gsbp-4877dac svg{height:18px!important;width:18px!important;min-width:18px!important;margin:0!important}#gspb_iconBox-id-gsbp-3cc232f svg,#gspb_iconBox-id-gsbp-3cc232f svg path{fill:var(--wp--preset--color--palette-color-3, var(--theme-palette-color-3, #2980b9))!important}.gspb_text-id-gsbp-9a9b6ff{font-size:20px;font-weight:700!important;color:var(--wp--preset--color--palette-color-4, var(--theme-palette-color-4, #022436))}#gspb_col-id-gsbp-6eebcea.gspb_row__col--6{width:50%}@media (max-width:991.98px){#gspb_col-id-gsbp-6eebcea.gspb_row__col--6{width:100%}}@media (max-width:575.98px){#gspb_col-id-gsbp-6eebcea.gspb_row__col--6{width:100%}}@media (min-width:992px){body.gspb-bodyfront #gspb_col-id-gsbp-6eebcea.gspb_row__col--6{width:calc(50% - 0px - 0px)}}@media (max-width:575.98px){body.gspb-bodyfront #gspb_col-id-gsbp-6eebcea.gspb_row__col--6{display:none!important}}@media (min-width:768px) and (max-width:991.98px){body.gspb-bodyfront #gspb_col-id-gsbp-6eebcea.gspb_row__col--6{display:none!important}}body #gspb_col-id-gsbp-6eebcea.gspb_row__col--6{display:flex;flex-direction:column;justify-content:center;align-content:center;align-items:center}.gsbp-dd7bd36{vertical-align:middle;object-fit:fill;margin-top:120px;border-top-left-radius:18px;border-top-right-radius:18px;border-bottom-right-radius:18px;border-bottom-left-radius:18px;border-style:solid;border-width:8px;border-color:#fff;position:absolute;transition:all .5s cubic-bezier(.42,0,.58,1);transform:translateX(22px) translateY(110px)}.gsbp-2816506{display:flex;justify-content:center;margin-top:0;margin-bottom:0}@media (max-width:991.98px){.gsbp-2816506{padding-right:min(3vw,20px);padding-left:min(3vw,20px)}}.gsbp-59a51f4{max-width:var(--wp--style--global--wide-size);width:var(--wp--style--global--wide-size);background-color:var(--wp--preset--color--palette-color-2, var(--theme-palette-color-2, #2980b9));border-top-left-radius:15px;border-bottom-left-radius:15px;border-top-right-radius:15px;border-bottom-right-radius:15px;padding:45px 30px 55px;display:flex;flex-direction:column;justify-content:flex-start;align-items:center;color:#fff;column-gap:25px;row-gap:25px}.gsbp-59a51f4 a{color:#fff}.gsbp-a8b3a50{font-size:35px;line-height:50px;text-align:center;max-width:600px;font-weight:600}#gspb_button-id-gsbp-3821476{display:flex;justify-content:flex-start}#gspb_button-id-gsbp-3821476 .gspb-buttonbox-text{display:flex;flex-direction:column}#gspb_button-id-gsbp-3821476>.gspb-buttonbox{box-sizing:border-box;margin-top:0;margin-bottom:0}","_joinchat":[],"footnotes":""},"class_list":["post-1345","page","type-page","status-publish","hentry"],"blocksy_meta":{"has_hero_section":"disabled","styles_descriptor":{"styles":{"desktop":"","tablet":"","mobile":""},"google_fonts":[],"version":6}},"_links":{"self":[{"href":"https:\/\/loteriasantiago.com\/es\/wp-json\/wp\/v2\/pages\/1345","targetHints":{"allow":["GET"]}}],"collection":[{"href":"https:\/\/loteriasantiago.com\/es\/wp-json\/wp\/v2\/pages"}],"about":[{"href":"https:\/\/loteriasantiago.com\/es\/wp-json\/wp\/v2\/types\/page"}],"author":[{"embeddable":true,"href":"https:\/\/loteriasantiago.com\/es\/wp-json\/wp\/v2\/users\/1"}],"replies":[{"embeddable":true,"href":"https:\/\/loteriasantiago.com\/es\/wp-json\/wp\/v2\/comments?post=1345"}],"version-history":[{"count":16,"href":"https:\/\/loteriasantiago.com\/es\/wp-json\/wp\/v2\/pages\/1345\/revisions"}],"predecessor-version":[{"id":1369,"href":"https:\/\/loteriasantiago.com\/es\/wp-json\/wp\/v2\/pages\/1345\/revisions\/1369"}],"wp:attachment":[{"href":"https:\/\/loteriasantiago.com\/es\/wp-json\/wp\/v2\/media?parent=1345"}],"curies":[{"name":"wp","href":"https:\/\/api.w.org\/{rel}","templated":true}]}}